{"id":182,"date":"2025-07-02T12:51:28","date_gmt":"2025-07-02T12:51:28","guid":{"rendered":"https:\/\/www.cardioconsult.sk\/contact\/"},"modified":"2025-08-27T10:44:29","modified_gmt":"2025-08-27T10:44:29","slug":"erecept","status":"publish","type":"page","link":"https:\/\/www.cardioconsult.sk\/en\/erecept\/","title":{"rendered":"ePrescription"},"content":{"rendered":"<div data-elementor-type=\"wp-page\" data-elementor-id=\"182\" class=\"elementor elementor-182\" data-elementor-post-type=\"page\">\n\t\t\t\t<div class=\"elementor-element elementor-element-f90a820 e-flex e-con-boxed e-con e-parent\" data-id=\"f90a820\" data-element_type=\"container\" data-settings=\"{&quot;background_background&quot;:&quot;classic&quot;}\">\n\t\t\t\t\t<div class=\"e-con-inner\">\n\t\t\t\t<div class=\"elementor-element elementor-element-b0cbff4 elementor-widget elementor-widget-heading\" data-id=\"b0cbff4\" data-element_type=\"widget\" data-widget_type=\"heading.default\">\n\t\t\t\t\t<h1 class=\"elementor-heading-title elementor-size-default\">ePrescription<\/h1>\t\t\t\t<\/div>\n\t\t\t\t<div class=\"elementor-element elementor-element-084a985 elementor-widget elementor-widget-text-editor\" data-id=\"084a985\" data-element_type=\"widget\" data-widget_type=\"text-editor.default\">\n\t\t\t\t\t\t\t\t\t<p>We will prescribe your medication electronically - easily, quickly and without unnecessary visits.<\/p>\t\t\t\t\t\t\t\t<\/div>\n\t\t\t\t<div class=\"elementor-element elementor-element-4c17f60 elementor-align-center elementor-widget elementor-widget-button\" data-id=\"4c17f60\" data-element_type=\"widget\" data-widget_type=\"button.default\">\n\t\t\t\t\t\t\t\t\t\t<a class=\"elementor-button elementor-button-link elementor-size-sm\" href=\"#eRecept\">\n\t\t\t\t\t\t<span class=\"elementor-button-content-wrapper\">\n\t\t\t\t\t\t\t\t\t<span class=\"elementor-button-text\">order <\/span>\n\t\t\t\t\t<\/span>\n\t\t\t\t\t<\/a>\n\t\t\t\t\t\t\t\t<\/div>\n\t\t\t\t\t<\/div>\n\t\t\t\t<\/div>\n\t\t<div class=\"elementor-element elementor-element-124681a e-flex e-con-boxed e-con e-parent\" data-id=\"124681a\" data-element_type=\"container\" id=\"eRecept\">\n\t\t\t\t\t<div class=\"e-con-inner\">\n\t\t\t\t<div class=\"elementor-element elementor-element-d02231a elementor-widget elementor-widget-spacer\" data-id=\"d02231a\" data-element_type=\"widget\" data-widget_type=\"spacer.default\">\n\t\t\t\t\t\t\t<div class=\"elementor-spacer\">\n\t\t\t<div class=\"elementor-spacer-inner\"><\/div>\n\t\t<\/div>\n\t\t\t\t\t\t<\/div>\n\t\t\t\t<div class=\"elementor-element elementor-element-422b953 elementor-widget elementor-widget-heading\" data-id=\"422b953\" data-element_type=\"widget\" data-widget_type=\"heading.default\">\n\t\t\t\t\t<h2 class=\"elementor-heading-title elementor-size-default\">Request for prescription of medicines<\/h2>\t\t\t\t<\/div>\n\t\t\t\t\t<\/div>\n\t\t\t\t<\/div>\n\t\t<div class=\"elementor-element elementor-element-f9b1842 e-flex e-con-boxed e-con e-parent\" data-id=\"f9b1842\" data-element_type=\"container\">\n\t\t\t\t\t<div class=\"e-con-inner\">\n\t\t\t\t<div class=\"elementor-element elementor-element-9fff242 elementor-widget elementor-widget-text-editor\" data-id=\"9fff242\" data-element_type=\"widget\" data-widget_type=\"text-editor.default\">\n\t\t\t\t\t\t\t\t\t<p>We only prescribe medicines to our patients.<\/p>\t\t\t\t\t\t\t\t<\/div>\n\t\t\t\t<div class=\"elementor-element elementor-element-af0bb64 elementor-widget elementor-widget-html\" data-id=\"af0bb64\" data-element_type=\"widget\" data-widget_type=\"html.default\">\n\t\t\t\t\t<p class=\"wpcf7-contact-form-not-found\"><strong>Error:<\/strong> Contact form not found.<\/p>\t\t\t\t<\/div>\n\t\t\t\t\t<\/div>\n\t\t\t\t<\/div>\n\t\t<div class=\"elementor-element elementor-element-47bad97 e-flex e-con-boxed e-con e-parent\" data-id=\"47bad97\" data-element_type=\"container\">\n\t\t\t\t\t<div class=\"e-con-inner\">\n\t\t<div class=\"elementor-element elementor-element-5f1d8ba e-con-full e-flex e-con e-child\" data-id=\"5f1d8ba\" data-element_type=\"container\">\n\t\t<div class=\"elementor-element elementor-element-94a23e0 e-con-full e-flex e-con e-child\" data-id=\"94a23e0\" data-element_type=\"container\">\n\t\t<div class=\"elementor-element elementor-element-191c6ba e-con-full e-flex e-con e-child\" data-id=\"191c6ba\" data-element_type=\"container\">\n\t\t\t\t<div class=\"elementor-element elementor-element-3f4c6d6 elementor-widget__width-auto elementor-widget elementor-widget-heading\" data-id=\"3f4c6d6\" data-element_type=\"widget\" data-widget_type=\"heading.default\">\n\t\t\t\t\t<span class=\"elementor-heading-title elementor-size-default\">1<\/span>\t\t\t\t<\/div>\n\t\t\t\t<div class=\"elementor-element elementor-element-1d84a47 elementor-widget elementor-widget-image-box\" data-id=\"1d84a47\" data-element_type=\"widget\" data-widget_type=\"image-box.default\">\n\t\t\t\t\t<div class=\"elementor-image-box-wrapper\"><div class=\"elementor-image-box-content\"><h4 class=\"elementor-image-box-title\">Fill in the form<\/h4><p class=\"elementor-image-box-description\">Enter your name, date of birth and the name of the medicine you need to prescribe.\n\n<\/p><\/div><\/div>\t\t\t\t<\/div>\n\t\t\t\t<div class=\"elementor-element elementor-element-b0cadf2 elementor-tablet-align-center elementor-widget__width-initial elementor-invisible elementor-widget elementor-widget-button\" data-id=\"b0cadf2\" data-element_type=\"widget\" data-settings=\"{&quot;_animation&quot;:&quot;fadeIn&quot;,&quot;_animation_delay&quot;:400}\" data-widget_type=\"button.default\">\n\t\t\t\t\t\t\t\t\t\t<a class=\"elementor-button elementor-button-link elementor-size-sm\" href=\"#eRecept\">\n\t\t\t\t\t\t<span class=\"elementor-button-content-wrapper\">\n\t\t\t\t\t\t\t\t\t<span class=\"elementor-button-text\"> Fill in the form<\/span>\n\t\t\t\t\t<\/span>\n\t\t\t\t\t<\/a>\n\t\t\t\t\t\t\t\t<\/div>\n\t\t\t\t<\/div>\n\t\t<div class=\"elementor-element elementor-element-c0a7f6d e-con-full e-flex e-con e-child\" data-id=\"c0a7f6d\" data-element_type=\"container\">\n\t\t\t\t<div class=\"elementor-element elementor-element-e4b34d2 elementor-widget__width-auto elementor-widget elementor-widget-heading\" data-id=\"e4b34d2\" data-element_type=\"widget\" data-widget_type=\"heading.default\">\n\t\t\t\t\t<span class=\"elementor-heading-title elementor-size-default\">2<\/span>\t\t\t\t<\/div>\n\t\t\t\t<div class=\"elementor-element elementor-element-dd2b37f elementor-widget elementor-widget-image-box\" data-id=\"dd2b37f\" data-element_type=\"widget\" data-widget_type=\"image-box.default\">\n\t\t\t\t\t<div class=\"elementor-image-box-wrapper\"><div class=\"elementor-image-box-content\"><h4 class=\"elementor-image-box-title\">Data verification<\/h4><p class=\"elementor-image-box-description\">If necessary, we will contact you by phone to complete the information.\n<\/p><\/div><\/div>\t\t\t\t<\/div>\n\t\t\t\t<\/div>\n\t\t\t\t<\/div>\n\t\t<div class=\"elementor-element elementor-element-30788a1 e-con-full elementor-hidden-mobile e-flex e-con e-child\" data-id=\"30788a1\" data-element_type=\"container\" data-settings=\"{&quot;background_background&quot;:&quot;classic&quot;,&quot;motion_fx_motion_fx_mouse&quot;:&quot;yes&quot;,&quot;motion_fx_tilt_effect&quot;:&quot;yes&quot;,&quot;motion_fx_tilt_speed&quot;:{&quot;unit&quot;:&quot;px&quot;,&quot;size&quot;:1,&quot;sizes&quot;:[]}}\">\n\t\t\t\t<\/div>\n\t\t<div class=\"elementor-element elementor-element-66e8391 e-con-full e-flex e-con e-child\" data-id=\"66e8391\" data-element_type=\"container\">\n\t\t<div class=\"elementor-element elementor-element-7560544 e-con-full e-flex e-con e-child\" data-id=\"7560544\" data-element_type=\"container\">\n\t\t\t\t<div class=\"elementor-element elementor-element-0c44723 elementor-widget__width-auto elementor-widget elementor-widget-heading\" data-id=\"0c44723\" data-element_type=\"widget\" data-widget_type=\"heading.default\">\n\t\t\t\t\t<span class=\"elementor-heading-title elementor-size-default\">3<\/span>\t\t\t\t<\/div>\n\t\t\t\t<div class=\"elementor-element elementor-element-50b6345 elementor-widget elementor-widget-image-box\" data-id=\"50b6345\" data-element_type=\"widget\" data-widget_type=\"image-box.default\">\n\t\t\t\t\t<div class=\"elementor-image-box-wrapper\"><div class=\"elementor-image-box-content\"><h4 class=\"elementor-image-box-title\"> Electronic prescription<\/h4><p class=\"elementor-image-box-description\">The doctor will issue an ePrescription, which will be automatically sent to the eHealth system.\n\n<\/p><\/div><\/div>\t\t\t\t<\/div>\n\t\t\t\t<\/div>\n\t\t<div class=\"elementor-element elementor-element-2bbf96e e-con-full e-flex e-con e-child\" data-id=\"2bbf96e\" data-element_type=\"container\">\n\t\t\t\t<div class=\"elementor-element elementor-element-d56bb15 elementor-widget__width-auto elementor-widget elementor-widget-heading\" data-id=\"d56bb15\" data-element_type=\"widget\" data-widget_type=\"heading.default\">\n\t\t\t\t\t<span class=\"elementor-heading-title elementor-size-default\">4<\/span>\t\t\t\t<\/div>\n\t\t\t\t<div class=\"elementor-element elementor-element-7899050 elementor-widget elementor-widget-image-box\" data-id=\"7899050\" data-element_type=\"widget\" data-widget_type=\"image-box.default\">\n\t\t\t\t\t<div class=\"elementor-image-box-wrapper\"><div class=\"elementor-image-box-content\"><h4 class=\"elementor-image-box-title\">Pick up at the pharmacy<\/h4><p class=\"elementor-image-box-description\">At the pharmacy, dictate your personal identification number, on the basis of which the medicine will be dispensed to you\n<\/p><\/div><\/div>\t\t\t\t<\/div>\n\t\t\t\t<\/div>\n\t\t\t\t<\/div>\n\t\t\t\t<\/div>\n\t\t\t\t\t<\/div>\n\t\t\t\t<\/div>\n\t\t<div class=\"elementor-element elementor-element-8707447 e-flex e-con-boxed e-con e-parent\" data-id=\"8707447\" data-element_type=\"container\">\n\t\t\t\t\t<div class=\"e-con-inner\">\n\t\t\t\t<div class=\"elementor-element elementor-element-2979638 elementor-widget elementor-widget-spacer\" data-id=\"2979638\" data-element_type=\"widget\" data-widget_type=\"spacer.default\">\n\t\t\t\t\t\t\t<div class=\"elementor-spacer\">\n\t\t\t<div class=\"elementor-spacer-inner\"><\/div>\n\t\t<\/div>\n\t\t\t\t\t\t<\/div>\n\t\t\t\t\t<\/div>\n\t\t\t\t<\/div>\n\t\t\t\t<\/div>","protected":false},"excerpt":{"rendered":"<p>eRecept Lieky v\u00e1m predp\u00ed\u0161eme elektronicky \u2013 jednoducho, r\u00fdchlo a bez zbyto\u010dnej n\u00e1v\u0161tevy. objedna\u0165 Po\u017eiadavka o predpis liekov Lieky predpisujeme iba na\u0161\u00edm pacientom. 1 Vypl\u0148te formul\u00e1r\u200b Zadajte svoje meno, d\u00e1tum narodenia a n\u00e1zov lieku, ktor\u00fd potrebujete predp\u00edsa\u0165. Vyplni\u0165 formul\u00e1r 2 Overenie \u00fadajov V pr\u00edpade potreby v\u00e1s budeme kontaktova\u0165 telefonicky pre doplnenie inform\u00e1ci\u00ed. 3 Elektronick\u00fd predpis Lek\u00e1r [&hellip;]<\/p>","protected":false},"author":1,"featured_media":0,"parent":0,"menu_order":0,"comment_status":"closed","ping_status":"closed","template":"elementor_header_footer","meta":{"footnotes":""},"class_list":["post-182","page","type-page","status-publish","hentry"],"aioseo_notices":[],"_links":{"self":[{"href":"https:\/\/www.cardioconsult.sk\/en\/wp-json\/wp\/v2\/pages\/182","targetHints":{"allow":["GET"]}}],"collection":[{"href":"https:\/\/www.cardioconsult.sk\/en\/wp-json\/wp\/v2\/pages"}],"about":[{"href":"https:\/\/www.cardioconsult.sk\/en\/wp-json\/wp\/v2\/types\/page"}],"author":[{"embeddable":true,"href":"https:\/\/www.cardioconsult.sk\/en\/wp-json\/wp\/v2\/users\/1"}],"replies":[{"embeddable":true,"href":"https:\/\/www.cardioconsult.sk\/en\/wp-json\/wp\/v2\/comments?post=182"}],"version-history":[{"count":0,"href":"https:\/\/www.cardioconsult.sk\/en\/wp-json\/wp\/v2\/pages\/182\/revisions"}],"wp:attachment":[{"href":"https:\/\/www.cardioconsult.sk\/en\/wp-json\/wp\/v2\/media?parent=182"}],"curies":[{"name":"wp","href":"https:\/\/api.w.org\/{rel}","templated":true}]}}