{"id":212,"date":"2025-07-02T12:51:39","date_gmt":"2025-07-02T12:51:39","guid":{"rendered":"https:\/\/www.cardioconsult.sk\/home\/"},"modified":"2026-04-27T12:09:31","modified_gmt":"2026-04-27T12:09:31","slug":"uvod","status":"publish","type":"page","link":"https:\/\/www.cardioconsult.sk\/en\/","title":{"rendered":"Home"},"content":{"rendered":"<div data-elementor-type=\"wp-page\" data-elementor-id=\"212\" class=\"elementor elementor-212\" data-elementor-post-type=\"page\">\n\t\t\t\t<div class=\"elementor-element elementor-element-890e4c1 e-con-full elementor-hidden-desktop elementor-hidden-tablet elementor-hidden-mobile e-flex e-con e-parent\" data-id=\"890e4c1\" data-element_type=\"container\" data-settings=\"{&quot;background_background&quot;:&quot;classic&quot;}\">\n\t\t\t\t<div class=\"elementor-element elementor-element-be13d15 elementor-widget elementor-widget-text-editor\" data-id=\"be13d15\" data-element_type=\"widget\" data-widget_type=\"text-editor.default\">\n\t\t\t\t\t\t\t\t\t<p>V d\u0148och 16.4.2026 &#8211; 23.4.2026 NEORDINUJEME.<\/p><p>Zastupuje n\u00e1s po telefonickom dohovore<\/p><p>MUDr. Dulkov\u00e1 Katar\u00edna,<\/p><p>\u010eumbierska 32, Bratislava<\/p><p>tel.: 02\/547 711 49<\/p>\t\t\t\t\t\t\t\t<\/div>\n\t\t\t\t<\/div>\n\t\t<div class=\"elementor-element elementor-element-7426c920 e-flex e-con-boxed e-con e-parent\" data-id=\"7426c920\" data-element_type=\"container\" data-settings=\"{&quot;background_background&quot;:&quot;classic&quot;}\">\n\t\t\t\t\t<div class=\"e-con-inner\">\n\t\t\t\t<div class=\"elementor-element elementor-element-4a0fd027 elementor-widget elementor-widget-heading\" data-id=\"4a0fd027\" data-element_type=\"widget\" data-widget_type=\"heading.default\">\n\t\t\t\t\t<h1 class=\"elementor-heading-title elementor-size-default\">Comprehensive care<br> for your heart<\/h1>\t\t\t\t<\/div>\n\t\t\t\t<div class=\"elementor-element elementor-element-505bff5e elementor-widget elementor-widget-heading\" data-id=\"505bff5e\" data-element_type=\"widget\" data-widget_type=\"heading.default\">\n\t\t\t\t\t<h5 class=\"elementor-heading-title elementor-size-default\">Our goal is to provide high-quality, individualized specialized outpatient cardiology care that meets international standards.<br><br><\/h5>\t\t\t\t<\/div>\n\t\t<div class=\"elementor-element elementor-element-d65f416 e-grid e-con-full e-con e-child\" data-id=\"d65f416\" data-element_type=\"container\">\n\t\t\t\t<div class=\"elementor-element elementor-element-aeb8455 elementor-align-center elementor-widget elementor-widget-button\" data-id=\"aeb8455\" data-element_type=\"widget\" data-widget_type=\"button.default\">\n\t\t\t\t\t\t\t\t\t\t<a class=\"elementor-button elementor-button-link elementor-size-sm\" href=\"mailto:cardio@cardioconsult.sk\">\n\t\t\t\t\t\t<span class=\"elementor-button-content-wrapper\">\n\t\t\t\t\t\t\t\t\t<span class=\"elementor-button-text\">Email us<\/span>\n\t\t\t\t\t<\/span>\n\t\t\t\t\t<\/a>\n\t\t\t\t\t\t\t\t<\/div>\n\t\t\t\t<div class=\"elementor-element elementor-element-6923a9b elementor-align-center elementor-widget elementor-widget-button\" data-id=\"6923a9b\" data-element_type=\"widget\" data-widget_type=\"button.default\">\n\t\t\t\t\t\t\t\t\t\t<a class=\"elementor-button elementor-button-link elementor-size-sm\" href=\"https:\/\/www.cardioconsult.sk\/en\/erecept\/\">\n\t\t\t\t\t\t<span class=\"elementor-button-content-wrapper\">\n\t\t\t\t\t\t\t\t\t<span class=\"elementor-button-text\">Request an ePrescription<\/span>\n\t\t\t\t\t<\/span>\n\t\t\t\t\t<\/a>\n\t\t\t\t\t\t\t\t<\/div>\n\t\t\t\t<div class=\"elementor-element elementor-element-e4eee6a elementor-align-center elementor-widget elementor-widget-button\" data-id=\"e4eee6a\" data-element_type=\"widget\" data-widget_type=\"button.default\">\n\t\t\t\t\t\t\t\t\t\t<a class=\"elementor-button elementor-button-link elementor-size-sm\" href=\"https:\/\/www.cardioconsult.sk\/en\/aktuality\/\">\n\t\t\t\t\t\t<span class=\"elementor-button-content-wrapper\">\n\t\t\t\t\t\t\t\t\t<span class=\"elementor-button-text\">News<\/span>\n\t\t\t\t\t<\/span>\n\t\t\t\t\t<\/a>\n\t\t\t\t\t\t\t\t<\/div>\n\t\t\t\t<\/div>\n\t\t\t\t\t<\/div>\n\t\t\t\t<\/div>\n\t\t<div class=\"elementor-element elementor-element-3996967 e-flex e-con-boxed e-con e-parent\" data-id=\"3996967\" data-element_type=\"container\">\n\t\t\t\t\t<div class=\"e-con-inner\">\n\t\t\t\t<div class=\"elementor-element elementor-element-ba3ba37 elementor-widget elementor-widget-spacer\" data-id=\"ba3ba37\" data-element_type=\"widget\" data-widget_type=\"spacer.default\">\n\t\t\t\t\t\t\t<div class=\"elementor-spacer\">\n\t\t\t<div class=\"elementor-spacer-inner\"><\/div>\n\t\t<\/div>\n\t\t\t\t\t\t<\/div>\n\t\t\t\t\t<\/div>\n\t\t\t\t<\/div>\n\t\t<div class=\"elementor-element elementor-element-17eac758 e-con-full e-flex e-con e-parent\" data-id=\"17eac758\" data-element_type=\"container\">\n\t\t<div class=\"elementor-element elementor-element-1a21bb3a e-con-full e-flex e-con e-child\" data-id=\"1a21bb3a\" data-element_type=\"container\">\n\t\t\t\t<div class=\"elementor-element elementor-element-67bf51c0 elementor-widget__width-initial elementor-widget elementor-widget-heading\" data-id=\"67bf51c0\" data-element_type=\"widget\" data-widget_type=\"heading.default\">\n\t\t\t\t\t<h1 class=\"elementor-heading-title elementor-size-default\">CARDIOCONSULT, s.r.o.<\/h1>\t\t\t\t<\/div>\n\t\t\t\t<div class=\"elementor-element elementor-element-1e79c1f elementor-widget elementor-widget-heading\" data-id=\"1e79c1f\" data-element_type=\"widget\" data-widget_type=\"heading.default\">\n\t\t\t\t\t<h5 class=\"elementor-heading-title elementor-size-default\">The superiority of our facility translates into a number of areas that directly affect every patient.\n\nCARDIOCONSULT, s.r.o. is one of the most modern and best-equipped Slovak outpatient clinics.\n\nOur outpatient clinic is staffed by medical professionals whose reputation is known both at home and abroad.<\/h5>\t\t\t\t<\/div>\n\t\t\t\t<div class=\"elementor-element elementor-element-9b0823d elementor-align-left elementor-tablet-align-left elementor-mobile-align-left elementor-invisible elementor-widget elementor-widget-button\" data-id=\"9b0823d\" data-element_type=\"widget\" data-settings=\"{&quot;_animation&quot;:&quot;fadeIn&quot;,&quot;_animation_delay&quot;:400}\" data-widget_type=\"button.default\">\n\t\t\t\t\t\t\t\t\t\t<a class=\"elementor-button elementor-button-link elementor-size-sm\" href=\"https:\/\/www.cardioconsult.sk\/en\/o-nas\/\">\n\t\t\t\t\t\t<span class=\"elementor-button-content-wrapper\">\n\t\t\t\t\t\t\t\t\t<span class=\"elementor-button-text\">More about us<\/span>\n\t\t\t\t\t<\/span>\n\t\t\t\t\t<\/a>\n\t\t\t\t\t\t\t\t<\/div>\n\t\t\t\t<\/div>\n\t\t<div class=\"elementor-element elementor-element-2d7d13f0 elementor-hidden-mobile e-con-full e-flex e-con e-child\" data-id=\"2d7d13f0\" data-element_type=\"container\" data-settings=\"{&quot;background_background&quot;:&quot;classic&quot;,&quot;background_motion_fx_motion_fx_scrolling&quot;:&quot;yes&quot;,&quot;background_motion_fx_scale_effect&quot;:&quot;yes&quot;,&quot;background_motion_fx_scale_range&quot;:{&quot;unit&quot;:&quot;%&quot;,&quot;size&quot;:&quot;&quot;,&quot;sizes&quot;:{&quot;start&quot;:50,&quot;end&quot;:100}},&quot;background_motion_fx_scale_direction&quot;:&quot;out-in&quot;,&quot;background_motion_fx_scale_speed&quot;:{&quot;unit&quot;:&quot;px&quot;,&quot;size&quot;:4,&quot;sizes&quot;:[]},&quot;background_motion_fx_devices&quot;:[&quot;desktop&quot;,&quot;tablet&quot;,&quot;mobile&quot;]}\">\n\t\t\t\t<\/div>\n\t\t\t\t<\/div>\n\t\t<div class=\"elementor-element elementor-element-69d96ba e-flex e-con-boxed e-con e-parent\" data-id=\"69d96ba\" data-element_type=\"container\">\n\t\t\t\t\t<div class=\"e-con-inner\">\n\t\t<div class=\"elementor-element elementor-element-e51aa51 e-grid e-con-full e-con e-child\" data-id=\"e51aa51\" data-element_type=\"container\">\n\t\t\t\t<div class=\"elementor-element elementor-element-23ad495 elementor-widget elementor-widget-image\" data-id=\"23ad495\" data-element_type=\"widget\" data-widget_type=\"image.default\">\n\t\t\t\t\t\t\t\t\t\t\t\t\t\t\t<img fetchpriority=\"high\" decoding=\"async\" width=\"800\" height=\"273\" src=\"https:\/\/www.cardioconsult.sk\/wp-content\/uploads\/2025\/07\/IMG_3591-1024x350.png\" class=\"attachment-large size-large wp-image-475\" alt=\"\" srcset=\"https:\/\/www.cardioconsult.sk\/wp-content\/uploads\/2025\/07\/IMG_3591-1024x350.png 1024w, https:\/\/www.cardioconsult.sk\/wp-content\/uploads\/2025\/07\/IMG_3591-300x103.png 300w, https:\/\/www.cardioconsult.sk\/wp-content\/uploads\/2025\/07\/IMG_3591-768x263.png 768w, https:\/\/www.cardioconsult.sk\/wp-content\/uploads\/2025\/07\/IMG_3591.png 1438w\" sizes=\"(max-width: 800px) 100vw, 800px\" \/>\t\t\t\t\t\t\t\t\t\t\t\t\t\t\t<\/div>\n\t\t\t\t<div class=\"elementor-element elementor-element-4720ab8 elementor-widget elementor-widget-image\" data-id=\"4720ab8\" data-element_type=\"widget\" data-widget_type=\"image.default\">\n\t\t\t\t\t\t\t\t\t\t\t\t\t\t\t<img decoding=\"async\" width=\"330\" height=\"396\" src=\"https:\/\/www.cardioconsult.sk\/wp-content\/uploads\/2025\/07\/IMG_3592.png\" class=\"attachment-large size-large wp-image-474\" alt=\"\" srcset=\"https:\/\/www.cardioconsult.sk\/wp-content\/uploads\/2025\/07\/IMG_3592.png 330w, https:\/\/www.cardioconsult.sk\/wp-content\/uploads\/2025\/07\/IMG_3592-250x300.png 250w\" sizes=\"(max-width: 330px) 100vw, 330px\" \/>\t\t\t\t\t\t\t\t\t\t\t\t\t\t\t<\/div>\n\t\t\t\t<\/div>\n\t\t\t\t\t<\/div>\n\t\t\t\t<\/div>\n\t\t<div class=\"elementor-element elementor-element-6a30effb e-flex e-con-boxed e-con e-parent\" data-id=\"6a30effb\" data-element_type=\"container\">\n\t\t\t\t\t<div class=\"e-con-inner\">\n\t\t\t\t<div class=\"elementor-element elementor-element-5f1fb55a elementor-widget-tablet__width-initial elementor-widget-mobile__width-inherit elementor-widget elementor-widget-heading\" data-id=\"5f1fb55a\" data-element_type=\"widget\" data-widget_type=\"heading.default\">\n\t\t\t\t\t<h2 class=\"elementor-heading-title elementor-size-default\">Our team<\/h2>\t\t\t\t<\/div>\n\t\t<div class=\"elementor-element elementor-element-5eec6874 e-con-full e-flex e-con e-child\" data-id=\"5eec6874\" data-element_type=\"container\">\n\t\t<div class=\"elementor-element elementor-element-1a3578df animated-fast e-con-full e-flex elementor-invisible e-con e-child\" data-id=\"1a3578df\" data-element_type=\"container\" data-settings=\"{&quot;background_background&quot;:&quot;classic&quot;,&quot;animation&quot;:&quot;fadeInUp&quot;}\">\n\t\t\t\t<div class=\"elementor-element elementor-element-64e547b0 elementor-widget__width-initial elementor-widget elementor-widget-image\" data-id=\"64e547b0\" data-element_type=\"widget\" data-widget_type=\"image.default\">\n\t\t\t\t\t\t\t\t\t\t\t\t\t\t\t<img decoding=\"async\" width=\"1520\" height=\"1557\" src=\"https:\/\/www.cardioconsult.sk\/wp-content\/uploads\/2025\/07\/P5020339-scaled-e1751543163900.jpeg\" class=\"attachment-full size-full wp-image-484\" alt=\"\" srcset=\"https:\/\/www.cardioconsult.sk\/wp-content\/uploads\/2025\/07\/P5020339-scaled-e1751543163900.jpeg 1520w, https:\/\/www.cardioconsult.sk\/wp-content\/uploads\/2025\/07\/P5020339-scaled-e1751543163900-293x300.jpeg 293w, https:\/\/www.cardioconsult.sk\/wp-content\/uploads\/2025\/07\/P5020339-scaled-e1751543163900-1000x1024.jpeg 1000w, https:\/\/www.cardioconsult.sk\/wp-content\/uploads\/2025\/07\/P5020339-scaled-e1751543163900-768x787.jpeg 768w, https:\/\/www.cardioconsult.sk\/wp-content\/uploads\/2025\/07\/P5020339-scaled-e1751543163900-1499x1536.jpeg 1499w\" sizes=\"(max-width: 1520px) 100vw, 1520px\" \/>\t\t\t\t\t\t\t\t\t\t\t\t\t\t\t<\/div>\n\t\t\t\t<div class=\"elementor-element elementor-element-209ab091 elementor-widget__width-initial elementor-widget elementor-widget-image-box\" data-id=\"209ab091\" data-element_type=\"widget\" data-widget_type=\"image-box.default\">\n\t\t\t\t\t<div class=\"elementor-image-box-wrapper\"><div class=\"elementor-image-box-content\"><h5 class=\"elementor-image-box-title\">Kate\u0159ina Kubincov\u00e1<\/h5><p class=\"elementor-image-box-description\">Nurse\n<\/p><\/div><\/div>\t\t\t\t<\/div>\n\t\t\t\t<div class=\"elementor-element elementor-element-223924e2 elementor-widget__width-initial elementor-widget elementor-widget-heading\" data-id=\"223924e2\" data-element_type=\"widget\" data-widget_type=\"heading.default\">\n\t\t\t\t\t<p class=\"elementor-heading-title elementor-size-default\">More than 35 years of experience \nin the healthcare industry<\/p>\t\t\t\t<\/div>\n\t\t\t\t<\/div>\n\t\t<div class=\"elementor-element elementor-element-256cf3a8 animated-fast e-con-full e-flex elementor-invisible e-con e-child\" data-id=\"256cf3a8\" data-element_type=\"container\" data-settings=\"{&quot;background_background&quot;:&quot;classic&quot;,&quot;animation&quot;:&quot;fadeInUp&quot;}\">\n\t\t\t\t<div class=\"elementor-element elementor-element-2d568031 elementor-widget__width-initial elementor-widget elementor-widget-image\" data-id=\"2d568031\" data-element_type=\"widget\" data-widget_type=\"image.default\">\n\t\t\t\t\t\t\t\t\t\t\t\t\t\t\t<img loading=\"lazy\" decoding=\"async\" width=\"1800\" height=\"1706\" src=\"https:\/\/www.cardioconsult.sk\/wp-content\/uploads\/2025\/07\/P5020361-scaled-e1751543242328.jpeg\" class=\"attachment-full size-full wp-image-483\" alt=\"\" srcset=\"https:\/\/www.cardioconsult.sk\/wp-content\/uploads\/2025\/07\/P5020361-scaled-e1751543242328.jpeg 1800w, https:\/\/www.cardioconsult.sk\/wp-content\/uploads\/2025\/07\/P5020361-scaled-e1751543242328-300x284.jpeg 300w, https:\/\/www.cardioconsult.sk\/wp-content\/uploads\/2025\/07\/P5020361-scaled-e1751543242328-1024x971.jpeg 1024w, https:\/\/www.cardioconsult.sk\/wp-content\/uploads\/2025\/07\/P5020361-scaled-e1751543242328-768x728.jpeg 768w, https:\/\/www.cardioconsult.sk\/wp-content\/uploads\/2025\/07\/P5020361-scaled-e1751543242328-1536x1456.jpeg 1536w\" sizes=\"(max-width: 1800px) 100vw, 1800px\" \/>\t\t\t\t\t\t\t\t\t\t\t\t\t\t\t<\/div>\n\t\t\t\t<div class=\"elementor-element elementor-element-68fac83e elementor-widget__width-initial elementor-widget elementor-widget-image-box\" data-id=\"68fac83e\" data-element_type=\"widget\" data-widget_type=\"image-box.default\">\n\t\t\t\t\t<div class=\"elementor-image-box-wrapper\"><div class=\"elementor-image-box-content\"><h5 class=\"elementor-image-box-title\">MUDr. Katar\u00edna Hatalov\u00e1, PhD.<\/h5><p class=\"elementor-image-box-description\">Internist - cardiologist<\/p><\/div><\/div>\t\t\t\t<\/div>\n\t\t\t\t<div class=\"elementor-element elementor-element-602c2000 elementor-widget elementor-widget-heading\" data-id=\"602c2000\" data-element_type=\"widget\" data-widget_type=\"heading.default\">\n\t\t\t\t\t<p class=\"elementor-heading-title elementor-size-default\">More than 30 years of professional experience<br><\/p>\t\t\t\t<\/div>\n\t\t\t\t<\/div>\n\t\t<div class=\"elementor-element elementor-element-108feb50 animated-fast e-con-full e-flex elementor-invisible e-con e-child\" data-id=\"108feb50\" data-element_type=\"container\" data-settings=\"{&quot;background_background&quot;:&quot;classic&quot;,&quot;animation&quot;:&quot;fadeInUp&quot;}\">\n\t\t\t\t<div class=\"elementor-element elementor-element-7d6e923 elementor-widget__width-initial elementor-widget elementor-widget-image\" data-id=\"7d6e923\" data-element_type=\"widget\" data-widget_type=\"image.default\">\n\t\t\t\t\t\t\t\t\t\t\t\t\t\t\t<img loading=\"lazy\" decoding=\"async\" width=\"1710\" height=\"1706\" src=\"https:\/\/www.cardioconsult.sk\/wp-content\/uploads\/2025\/07\/P5020312-scaled-e1751543312249.jpeg\" class=\"attachment-full size-full wp-image-485\" alt=\"\" srcset=\"https:\/\/www.cardioconsult.sk\/wp-content\/uploads\/2025\/07\/P5020312-scaled-e1751543312249.jpeg 1710w, https:\/\/www.cardioconsult.sk\/wp-content\/uploads\/2025\/07\/P5020312-scaled-e1751543312249-300x300.jpeg 300w, https:\/\/www.cardioconsult.sk\/wp-content\/uploads\/2025\/07\/P5020312-scaled-e1751543312249-1024x1022.jpeg 1024w, https:\/\/www.cardioconsult.sk\/wp-content\/uploads\/2025\/07\/P5020312-scaled-e1751543312249-150x150.jpeg 150w, https:\/\/www.cardioconsult.sk\/wp-content\/uploads\/2025\/07\/P5020312-scaled-e1751543312249-768x766.jpeg 768w, https:\/\/www.cardioconsult.sk\/wp-content\/uploads\/2025\/07\/P5020312-scaled-e1751543312249-1536x1532.jpeg 1536w\" sizes=\"(max-width: 1710px) 100vw, 1710px\" \/>\t\t\t\t\t\t\t\t\t\t\t\t\t\t\t<\/div>\n\t\t\t\t<div class=\"elementor-element elementor-element-567f470b elementor-widget__width-initial elementor-widget elementor-widget-image-box\" data-id=\"567f470b\" data-element_type=\"widget\" data-widget_type=\"image-box.default\">\n\t\t\t\t\t<div class=\"elementor-image-box-wrapper\"><div class=\"elementor-image-box-content\"><h5 class=\"elementor-image-box-title\">Zuzana Zukalov\u00e1<\/h5><p class=\"elementor-image-box-description\">Medical Coordinator <\/p><\/div><\/div>\t\t\t\t<\/div>\n\t\t\t\t<\/div>\n\t\t\t\t<\/div>\n\t\t\t\t\t<\/div>\n\t\t\t\t<\/div>\n\t\t<div class=\"elementor-element elementor-element-404b95e4 e-flex e-con-boxed e-con e-parent\" data-id=\"404b95e4\" data-element_type=\"container\">\n\t\t\t\t\t<div class=\"e-con-inner\">\n\t\t\t\t<div class=\"elementor-element elementor-element-603d7bf7 elementor-widget elementor-widget-heading\" data-id=\"603d7bf7\" data-element_type=\"widget\" data-widget_type=\"heading.default\">\n\t\t\t\t\t<h2 class=\"elementor-heading-title elementor-size-default\">ePrescription<\/h2>\t\t\t\t<\/div>\n\t\t\t\t\t<\/div>\n\t\t\t\t<\/div>\n\t\t<div class=\"elementor-element elementor-element-6b2e025b e-flex e-con-boxed e-con e-parent\" data-id=\"6b2e025b\" data-element_type=\"container\">\n\t\t\t\t\t<div class=\"e-con-inner\">\n\t\t<div class=\"elementor-element elementor-element-2c25e348 e-con-full e-flex e-con e-child\" data-id=\"2c25e348\" data-element_type=\"container\">\n\t\t<div class=\"elementor-element elementor-element-692dc7f e-con-full e-flex e-con e-child\" data-id=\"692dc7f\" data-element_type=\"container\">\n\t\t\t\t<div class=\"elementor-element elementor-element-abfb70b elementor-widget__width-auto elementor-widget elementor-widget-heading\" data-id=\"abfb70b\" data-element_type=\"widget\" data-widget_type=\"heading.default\">\n\t\t\t\t\t<span class=\"elementor-heading-title elementor-size-default\">1<\/span>\t\t\t\t<\/div>\n\t\t\t\t<div class=\"elementor-element elementor-element-762c16b1 elementor-widget elementor-widget-image-box\" data-id=\"762c16b1\" data-element_type=\"widget\" data-widget_type=\"image-box.default\">\n\t\t\t\t\t<div class=\"elementor-image-box-wrapper\"><div class=\"elementor-image-box-content\"><h4 class=\"elementor-image-box-title\">Fill in the form<\/h4><p class=\"elementor-image-box-description\">Enter your name, date of birth and the name of the medicine you need to prescribe.\n\n<\/p><\/div><\/div>\t\t\t\t<\/div>\n\t\t\t\t<div class=\"elementor-element elementor-element-dd39442 elementor-tablet-align-center elementor-widget__width-initial elementor-invisible elementor-widget elementor-widget-button\" data-id=\"dd39442\" data-element_type=\"widget\" data-settings=\"{&quot;_animation&quot;:&quot;fadeIn&quot;,&quot;_animation_delay&quot;:400}\" data-widget_type=\"button.default\">\n\t\t\t\t\t\t\t\t\t\t<a class=\"elementor-button elementor-button-link elementor-size-sm\" href=\"https:\/\/www.cardioconsult.sk\/en\/contact\/\">\n\t\t\t\t\t\t<span class=\"elementor-button-content-wrapper\">\n\t\t\t\t\t\t\t\t\t<span class=\"elementor-button-text\"> Fill in the form<\/span>\n\t\t\t\t\t<\/span>\n\t\t\t\t\t<\/a>\n\t\t\t\t\t\t\t\t<\/div>\n\t\t\t\t<\/div>\n\t\t<div class=\"elementor-element elementor-element-1229834 e-con-full e-flex e-con e-child\" data-id=\"1229834\" data-element_type=\"container\">\n\t\t\t\t<div class=\"elementor-element elementor-element-5cb82aaa elementor-widget__width-auto elementor-widget elementor-widget-heading\" data-id=\"5cb82aaa\" data-element_type=\"widget\" data-widget_type=\"heading.default\">\n\t\t\t\t\t<span class=\"elementor-heading-title elementor-size-default\">2<\/span>\t\t\t\t<\/div>\n\t\t\t\t<div class=\"elementor-element elementor-element-3a4c3363 elementor-widget elementor-widget-image-box\" data-id=\"3a4c3363\" data-element_type=\"widget\" data-widget_type=\"image-box.default\">\n\t\t\t\t\t<div class=\"elementor-image-box-wrapper\"><div class=\"elementor-image-box-content\"><h4 class=\"elementor-image-box-title\">Data verification<\/h4><p class=\"elementor-image-box-description\">If necessary, we will contact you by phone to complete the information.\n<\/p><\/div><\/div>\t\t\t\t<\/div>\n\t\t\t\t<\/div>\n\t\t\t\t<\/div>\n\t\t<div class=\"elementor-element elementor-element-7a6e12eb e-con-full elementor-hidden-mobile e-flex e-con e-child\" data-id=\"7a6e12eb\" data-element_type=\"container\" data-settings=\"{&quot;background_background&quot;:&quot;classic&quot;,&quot;motion_fx_motion_fx_mouse&quot;:&quot;yes&quot;,&quot;motion_fx_tilt_effect&quot;:&quot;yes&quot;,&quot;motion_fx_tilt_speed&quot;:{&quot;unit&quot;:&quot;px&quot;,&quot;size&quot;:1,&quot;sizes&quot;:[]}}\">\n\t\t\t\t<\/div>\n\t\t<div class=\"elementor-element elementor-element-2057c34 e-con-full e-flex e-con e-child\" data-id=\"2057c34\" data-element_type=\"container\">\n\t\t<div class=\"elementor-element elementor-element-5ba92755 e-con-full e-flex e-con e-child\" data-id=\"5ba92755\" data-element_type=\"container\">\n\t\t\t\t<div class=\"elementor-element elementor-element-59bc8a96 elementor-widget__width-auto elementor-widget elementor-widget-heading\" data-id=\"59bc8a96\" data-element_type=\"widget\" data-widget_type=\"heading.default\">\n\t\t\t\t\t<span class=\"elementor-heading-title elementor-size-default\">3<\/span>\t\t\t\t<\/div>\n\t\t\t\t<div class=\"elementor-element elementor-element-41c57b49 elementor-widget elementor-widget-image-box\" data-id=\"41c57b49\" data-element_type=\"widget\" data-widget_type=\"image-box.default\">\n\t\t\t\t\t<div class=\"elementor-image-box-wrapper\"><div class=\"elementor-image-box-content\"><h4 class=\"elementor-image-box-title\"> Electronic prescription<\/h4><p class=\"elementor-image-box-description\">The doctor will issue an ePrescription, which will be automatically sent to the eHealth system.\n\n<\/p><\/div><\/div>\t\t\t\t<\/div>\n\t\t\t\t<\/div>\n\t\t<div class=\"elementor-element elementor-element-186a8a29 e-con-full e-flex e-con e-child\" data-id=\"186a8a29\" data-element_type=\"container\">\n\t\t\t\t<div class=\"elementor-element elementor-element-533522ad elementor-widget__width-auto elementor-widget elementor-widget-heading\" data-id=\"533522ad\" data-element_type=\"widget\" data-widget_type=\"heading.default\">\n\t\t\t\t\t<span class=\"elementor-heading-title elementor-size-default\">4<\/span>\t\t\t\t<\/div>\n\t\t\t\t<div class=\"elementor-element elementor-element-1af38917 elementor-widget elementor-widget-image-box\" data-id=\"1af38917\" data-element_type=\"widget\" data-widget_type=\"image-box.default\">\n\t\t\t\t\t<div class=\"elementor-image-box-wrapper\"><div class=\"elementor-image-box-content\"><h4 class=\"elementor-image-box-title\">Pick up at the pharmacy<\/h4><p class=\"elementor-image-box-description\">At the pharmacy, dictate your personal identification number, on the basis of which the medicine will be dispensed to you<\/p><\/div><\/div>\t\t\t\t<\/div>\n\t\t\t\t<\/div>\n\t\t\t\t<\/div>\n\t\t\t\t\t<\/div>\n\t\t\t\t<\/div>\n\t\t<div class=\"elementor-element elementor-element-d218dc2 e-con-full e-flex e-con e-parent\" data-id=\"d218dc2\" data-element_type=\"container\" data-settings=\"{&quot;background_background&quot;:&quot;gradient&quot;}\">\n\t\t\t\t<div class=\"elementor-element elementor-element-b9abf6b elementor-widget elementor-widget-heading\" data-id=\"b9abf6b\" data-element_type=\"widget\" data-widget_type=\"heading.default\">\n\t\t\t\t\t<h2 class=\"elementor-heading-title elementor-size-default\">Contact us via the contact form<\/h2>\t\t\t\t<\/div>\n\t\t\t\t<div class=\"elementor-element elementor-element-8b2305c elementor-widget elementor-widget-text-editor\" data-id=\"8b2305c\" data-element_type=\"widget\" data-widget_type=\"text-editor.default\">\n\t\t\t\t\t\t\t\t\t<p>Get in touch - we'll get back to you quickly and reliably.<\/p>\t\t\t\t\t\t\t\t<\/div>\n\t\t\t\t<div class=\"elementor-element elementor-element-4a0bb8f elementor-align-center elementor-widget elementor-widget-button\" data-id=\"4a0bb8f\" data-element_type=\"widget\" data-widget_type=\"button.default\">\n\t\t\t\t\t\t\t\t\t\t<a class=\"elementor-button elementor-button-link elementor-size-sm elementor-animation-shrink\" href=\"https:\/\/www.cardioconsult.sk\/en\/kontakt\/\">\n\t\t\t\t\t\t<span class=\"elementor-button-content-wrapper\">\n\t\t\t\t\t\t\t\t\t<span class=\"elementor-button-text\">Contact us<\/span>\n\t\t\t\t\t<\/span>\n\t\t\t\t\t<\/a>\n\t\t\t\t\t\t\t\t<\/div>\n\t\t\t\t<\/div>\n\t\t<div class=\"elementor-element elementor-element-21b6a60 e-flex e-con-boxed e-con e-parent\" data-id=\"21b6a60\" data-element_type=\"container\">\n\t\t\t\t\t<div class=\"e-con-inner\">\n\t\t\t\t<div class=\"elementor-element elementor-element-7642a21 elementor-widget elementor-widget-spacer\" data-id=\"7642a21\" data-element_type=\"widget\" data-widget_type=\"spacer.default\">\n\t\t\t\t\t\t\t<div class=\"elementor-spacer\">\n\t\t\t<div class=\"elementor-spacer-inner\"><\/div>\n\t\t<\/div>\n\t\t\t\t\t\t<\/div>\n\t\t\t\t\t<\/div>\n\t\t\t\t<\/div>\n\t\t<div class=\"elementor-element elementor-element-2c31650 e-flex e-con-boxed e-con e-parent\" data-id=\"2c31650\" data-element_type=\"container\">\n\t\t\t\t\t<div class=\"e-con-inner\">\n\t\t\t\t<div class=\"elementor-element elementor-element-6712ec7 elementor-widget elementor-widget-html\" data-id=\"6712ec7\" data-element_type=\"widget\" data-widget_type=\"html.default\">\n\t\t\t\t\t<p class=\"wpcf7-contact-form-not-found\"><strong>Error:<\/strong> Contact form not found.<\/p>\t\t\t\t<\/div>\n\t\t\t\t\t<\/div>\n\t\t\t\t<\/div>\n\t\t\t\t<\/div>","protected":false},"excerpt":{"rendered":"<p>V d\u0148och 16.4.2026 &#8211; 23.4.2026 NEORDINUJEME. Zastupuje n\u00e1s po telefonickom dohovore MUDr. Dulkov\u00e1 Katar\u00edna, \u010eumbierska 32, Bratislava tel.: 02\/547 711 49 Komplexn\u00e1 starostlivos\u0165 o Va\u0161e srdce Na\u0161\u00edm cie\u013eom je poskytova\u0165 kvalitn\u00fa, individualizovan\u00fa a medzin\u00e1rodn\u00fdm \u0161tandardom zodpovedaj\u00facu \u0161pecializovan\u00fa kardiologick\u00fa ambulantn\u00fa starostlivos\u0165. Nap\u00ed\u0161te n\u00e1m email Po\u017eiada\u0165 o eRecept Aktuality CARDIOCONSULT, s.r.o. Nad\u0161tandardnos\u0165 n\u00e1\u0161ho zariadenia sa premieta do [&hellip;]<\/p>","protected":false},"author":1,"featured_media":0,"parent":0,"menu_order":0,"comment_status":"closed","ping_status":"closed","template":"elementor_header_footer","meta":{"footnotes":""},"class_list":["post-212","page","type-page","status-publish","hentry"],"aioseo_notices":[],"_links":{"self":[{"href":"https:\/\/www.cardioconsult.sk\/en\/wp-json\/wp\/v2\/pages\/212","targetHints":{"allow":["GET"]}}],"collection":[{"href":"https:\/\/www.cardioconsult.sk\/en\/wp-json\/wp\/v2\/pages"}],"about":[{"href":"https:\/\/www.cardioconsult.sk\/en\/wp-json\/wp\/v2\/types\/page"}],"author":[{"embeddable":true,"href":"https:\/\/www.cardioconsult.sk\/en\/wp-json\/wp\/v2\/users\/1"}],"replies":[{"embeddable":true,"href":"https:\/\/www.cardioconsult.sk\/en\/wp-json\/wp\/v2\/comments?post=212"}],"version-history":[{"count":0,"href":"https:\/\/www.cardioconsult.sk\/en\/wp-json\/wp\/v2\/pages\/212\/revisions"}],"wp:attachment":[{"href":"https:\/\/www.cardioconsult.sk\/en\/wp-json\/wp\/v2\/media?parent=212"}],"curies":[{"name":"wp","href":"https:\/\/api.w.org\/{rel}","templated":true}]}}