{"id":499,"date":"2025-07-07T19:12:09","date_gmt":"2025-07-07T19:12:09","guid":{"rendered":"https:\/\/www.cardioconsult.sk\/?page_id=499"},"modified":"2025-08-19T11:25:40","modified_gmt":"2025-08-19T11:25:40","slug":"o-nas","status":"publish","type":"page","link":"https:\/\/www.cardioconsult.sk\/en\/o-nas\/","title":{"rendered":"About us"},"content":{"rendered":"<div data-elementor-type=\"wp-page\" data-elementor-id=\"499\" class=\"elementor elementor-499\" data-elementor-post-type=\"page\">\n\t\t\t\t<div class=\"elementor-element elementor-element-36cf63f e-flex e-con-boxed e-con e-parent\" data-id=\"36cf63f\" data-element_type=\"container\" data-settings=\"{&quot;background_background&quot;:&quot;classic&quot;}\">\n\t\t\t\t\t<div class=\"e-con-inner\">\n\t\t\t\t<div class=\"elementor-element elementor-element-ebaf29d elementor-widget elementor-widget-heading\" data-id=\"ebaf29d\" data-element_type=\"widget\" data-widget_type=\"heading.default\">\n\t\t\t\t\t<h1 class=\"elementor-heading-title elementor-size-default\">About us<\/h1>\t\t\t\t<\/div>\n\t\t\t\t<div class=\"elementor-element elementor-element-e86a0a8 elementor-align-center elementor-widget elementor-widget-button\" data-id=\"e86a0a8\" data-element_type=\"widget\" data-widget_type=\"button.default\">\n\t\t\t\t\t\t\t\t\t\t<a class=\"elementor-button elementor-button-link elementor-size-sm\" href=\"https:\/\/www.cardioconsult.sk\/en\/kontakt\/\">\n\t\t\t\t\t\t<span class=\"elementor-button-content-wrapper\">\n\t\t\t\t\t\t\t\t\t<span class=\"elementor-button-text\">Contact us<\/span>\n\t\t\t\t\t<\/span>\n\t\t\t\t\t<\/a>\n\t\t\t\t\t\t\t\t<\/div>\n\t\t\t\t\t<\/div>\n\t\t\t\t<\/div>\n\t\t<div class=\"elementor-element elementor-element-2d3b6e9 e-flex e-con-boxed e-con e-parent\" data-id=\"2d3b6e9\" data-element_type=\"container\">\n\t\t\t\t\t<div class=\"e-con-inner\">\n\t\t\t\t<div class=\"elementor-element elementor-element-39553c0 elementor-widget elementor-widget-spacer\" data-id=\"39553c0\" data-element_type=\"widget\" data-widget_type=\"spacer.default\">\n\t\t\t\t\t\t\t<div class=\"elementor-spacer\">\n\t\t\t<div class=\"elementor-spacer-inner\"><\/div>\n\t\t<\/div>\n\t\t\t\t\t\t<\/div>\n\t\t\t\t\t<\/div>\n\t\t\t\t<\/div>\n\t\t<div class=\"elementor-element elementor-element-5b28727 e-grid e-con-boxed e-con e-parent\" data-id=\"5b28727\" data-element_type=\"container\">\n\t\t\t\t\t<div class=\"e-con-inner\">\n\t\t<div class=\"elementor-element elementor-element-32b0dea e-con-full e-flex e-con e-child\" data-id=\"32b0dea\" data-element_type=\"container\">\n\t\t<div class=\"elementor-element elementor-element-8a290e9 e-con-full e-flex e-con e-child\" data-id=\"8a290e9\" data-element_type=\"container\">\n\t\t\t\t<div class=\"elementor-element elementor-element-9beb746 elementor-widget elementor-widget-heading\" data-id=\"9beb746\" data-element_type=\"widget\" data-widget_type=\"heading.default\">\n\t\t\t\t\t<h2 class=\"elementor-heading-title elementor-size-default\">CARDIOCONSULT, s.r.o.\u200b <\/h2>\t\t\t\t<\/div>\n\t\t\t\t<div class=\"elementor-element elementor-element-325a914 elementor-widget__width-initial elementor-widget elementor-widget-text-editor\" data-id=\"325a914\" data-element_type=\"widget\" data-widget_type=\"text-editor.default\">\n\t\t\t\t\t\t\t\t\t<div class=\"fixed\"><div class=\"col580 last\" style=\"text-align: center;\"><p class=\"last\" style=\"text-align: left;\">The superiority of our facility translates into several areas that directly affect every patient.<\/p><\/div><\/div><p>CARDIOCONSULT, s.r.o. is one of the most modern and best equipped Slovak outpatient clinics.<\/p><p>Our outpatient clinic is staffed by medical professionals whose reputation is well known at home and abroad.<\/p>\t\t\t\t\t\t\t\t<\/div>\n\t\t\t\t<\/div>\n\t\t\t\t<\/div>\n\t\t\t\t<div class=\"elementor-element elementor-element-bd26872 elementor-widget elementor-widget-image\" data-id=\"bd26872\" data-element_type=\"widget\" data-widget_type=\"image.default\">\n\t\t\t\t\t\t\t\t\t\t\t\t\t\t\t<img decoding=\"async\" src=\"https:\/\/www.cardioconsult.sk\/wp-content\/uploads\/elementor\/thumbs\/Konferencia-grafika-Hromec-ra59g12oz9amytcijn5vock0v9c0a7hayqeamh5boe.jpeg\" title=\"Konferencia grafika Hromec\" alt=\"Konferencia grafika Hromec\" loading=\"lazy\" \/>\t\t\t\t\t\t\t\t\t\t\t\t\t\t\t<\/div>\n\t\t\t\t\t<\/div>\n\t\t\t\t<\/div>\n\t\t<div class=\"elementor-element elementor-element-b2410b2 e-flex e-con-boxed e-con e-parent\" data-id=\"b2410b2\" data-element_type=\"container\">\n\t\t\t\t\t<div class=\"e-con-inner\">\n\t\t\t\t<div class=\"elementor-element elementor-element-b2d67e0 elementor-widget elementor-widget-spacer\" data-id=\"b2d67e0\" data-element_type=\"widget\" data-widget_type=\"spacer.default\">\n\t\t\t\t\t\t\t<div class=\"elementor-spacer\">\n\t\t\t<div class=\"elementor-spacer-inner\"><\/div>\n\t\t<\/div>\n\t\t\t\t\t\t<\/div>\n\t\t\t\t\t<\/div>\n\t\t\t\t<\/div>\n\t\t<div class=\"elementor-element elementor-element-0fe2de4 e-flex e-con-boxed e-con e-parent\" data-id=\"0fe2de4\" data-element_type=\"container\">\n\t\t\t\t\t<div class=\"e-con-inner\">\n\t\t\t\t<div class=\"elementor-element elementor-element-291b02a elementor-widget elementor-widget-heading\" data-id=\"291b02a\" data-element_type=\"widget\" data-widget_type=\"heading.default\">\n\t\t\t\t\t<h2 class=\"elementor-heading-title elementor-size-default\">Staffing<\/h2>\t\t\t\t<\/div>\n\t\t\t\t<div class=\"elementor-element elementor-element-e73abe7 elementor-widget elementor-widget-text-editor\" data-id=\"e73abe7\" data-element_type=\"widget\" data-widget_type=\"text-editor.default\">\n\t\t\t\t\t\t\t\t\t<p>Highly qualified team with many years of experience in internal medicine - cardiology. Our expert medical services are also available in several world languages as required <b>(English, German, French)<\/b>. Even the most complex cardiological problems can be solved by consultations with leading experts at home and abroad, based on extensive personal contacts.<\/p>\t\t\t\t\t\t\t\t<\/div>\n\t\t\t\t<div class=\"elementor-element elementor-element-4519a4a elementor-widget elementor-widget-spacer\" data-id=\"4519a4a\" data-element_type=\"widget\" data-widget_type=\"spacer.default\">\n\t\t\t\t\t\t\t<div class=\"elementor-spacer\">\n\t\t\t<div class=\"elementor-spacer-inner\"><\/div>\n\t\t<\/div>\n\t\t\t\t\t\t<\/div>\n\t\t\t\t\t<\/div>\n\t\t\t\t<\/div>\n\t\t<div class=\"elementor-element elementor-element-2184406 e-flex e-con-boxed e-con e-child\" data-id=\"2184406\" data-element_type=\"container\">\n\t\t\t\t\t<div class=\"e-con-inner\">\n\t\t<div class=\"elementor-element elementor-element-35add1e animated-fast e-con-full e-flex elementor-invisible e-con e-child\" data-id=\"35add1e\" data-element_type=\"container\" data-settings=\"{&quot;background_background&quot;:&quot;classic&quot;,&quot;animation&quot;:&quot;fadeInUp&quot;}\">\n\t\t\t\t<div class=\"elementor-element elementor-element-8ee8413 elementor-widget__width-initial elementor-widget elementor-widget-image\" data-id=\"8ee8413\" data-element_type=\"widget\" data-widget_type=\"image.default\">\n\t\t\t\t\t\t\t\t\t\t\t\t\t\t\t<img fetchpriority=\"high\" decoding=\"async\" width=\"1520\" height=\"1557\" src=\"https:\/\/www.cardioconsult.sk\/wp-content\/uploads\/2025\/07\/P5020339-scaled-e1751543163900.jpeg\" class=\"attachment-full size-full wp-image-484\" alt=\"\" srcset=\"https:\/\/www.cardioconsult.sk\/wp-content\/uploads\/2025\/07\/P5020339-scaled-e1751543163900.jpeg 1520w, https:\/\/www.cardioconsult.sk\/wp-content\/uploads\/2025\/07\/P5020339-scaled-e1751543163900-293x300.jpeg 293w, https:\/\/www.cardioconsult.sk\/wp-content\/uploads\/2025\/07\/P5020339-scaled-e1751543163900-1000x1024.jpeg 1000w, https:\/\/www.cardioconsult.sk\/wp-content\/uploads\/2025\/07\/P5020339-scaled-e1751543163900-768x787.jpeg 768w, https:\/\/www.cardioconsult.sk\/wp-content\/uploads\/2025\/07\/P5020339-scaled-e1751543163900-1499x1536.jpeg 1499w\" sizes=\"(max-width: 1520px) 100vw, 1520px\" \/>\t\t\t\t\t\t\t\t\t\t\t\t\t\t\t<\/div>\n\t\t\t\t<div class=\"elementor-element elementor-element-872e247 elementor-widget__width-initial elementor-widget elementor-widget-image-box\" data-id=\"872e247\" data-element_type=\"widget\" data-widget_type=\"image-box.default\">\n\t\t\t\t\t<div class=\"elementor-image-box-wrapper\"><div class=\"elementor-image-box-content\"><h5 class=\"elementor-image-box-title\">Kate\u0159ina Kubincov\u00e1<\/h5><p class=\"elementor-image-box-description\">Nurse\n<\/p><\/div><\/div>\t\t\t\t<\/div>\n\t\t\t\t<div class=\"elementor-element elementor-element-bd7eb56 elementor-widget__width-initial elementor-widget elementor-widget-heading\" data-id=\"bd7eb56\" data-element_type=\"widget\" data-widget_type=\"heading.default\">\n\t\t\t\t\t<p class=\"elementor-heading-title elementor-size-default\">More than 35 years of experience \nin the healthcare industry<\/p>\t\t\t\t<\/div>\n\t\t\t\t<\/div>\n\t\t<div class=\"elementor-element elementor-element-5464a2d animated-fast e-con-full e-flex elementor-invisible e-con e-child\" data-id=\"5464a2d\" data-element_type=\"container\" data-settings=\"{&quot;background_background&quot;:&quot;classic&quot;,&quot;animation&quot;:&quot;fadeInUp&quot;}\">\n\t\t\t\t<div class=\"elementor-element elementor-element-e269861 elementor-widget__width-initial elementor-widget elementor-widget-image\" data-id=\"e269861\" data-element_type=\"widget\" data-widget_type=\"image.default\">\n\t\t\t\t\t\t\t\t\t\t\t\t\t\t\t<img decoding=\"async\" width=\"1800\" height=\"1706\" src=\"https:\/\/www.cardioconsult.sk\/wp-content\/uploads\/2025\/07\/P5020361-scaled-e1751543242328.jpeg\" class=\"attachment-full size-full wp-image-483\" alt=\"\" srcset=\"https:\/\/www.cardioconsult.sk\/wp-content\/uploads\/2025\/07\/P5020361-scaled-e1751543242328.jpeg 1800w, https:\/\/www.cardioconsult.sk\/wp-content\/uploads\/2025\/07\/P5020361-scaled-e1751543242328-300x284.jpeg 300w, https:\/\/www.cardioconsult.sk\/wp-content\/uploads\/2025\/07\/P5020361-scaled-e1751543242328-1024x971.jpeg 1024w, https:\/\/www.cardioconsult.sk\/wp-content\/uploads\/2025\/07\/P5020361-scaled-e1751543242328-768x728.jpeg 768w, https:\/\/www.cardioconsult.sk\/wp-content\/uploads\/2025\/07\/P5020361-scaled-e1751543242328-1536x1456.jpeg 1536w\" sizes=\"(max-width: 1800px) 100vw, 1800px\" \/>\t\t\t\t\t\t\t\t\t\t\t\t\t\t\t<\/div>\n\t\t\t\t<div class=\"elementor-element elementor-element-40f739e elementor-widget__width-initial elementor-widget elementor-widget-image-box\" data-id=\"40f739e\" data-element_type=\"widget\" data-widget_type=\"image-box.default\">\n\t\t\t\t\t<div class=\"elementor-image-box-wrapper\"><div class=\"elementor-image-box-content\"><h5 class=\"elementor-image-box-title\">MUDr. Katar\u00edna Hatalov\u00e1, PhD.<\/h5><p class=\"elementor-image-box-description\">Internist - cardiologist<\/p><\/div><\/div>\t\t\t\t<\/div>\n\t\t\t\t<div class=\"elementor-element elementor-element-741203a elementor-widget elementor-widget-heading\" data-id=\"741203a\" data-element_type=\"widget\" data-widget_type=\"heading.default\">\n\t\t\t\t\t<p class=\"elementor-heading-title elementor-size-default\">More than 30 years of professional experience<br><\/p>\t\t\t\t<\/div>\n\t\t\t\t<\/div>\n\t\t<div class=\"elementor-element elementor-element-7ebf009 animated-fast e-con-full e-flex elementor-invisible e-con e-child\" data-id=\"7ebf009\" data-element_type=\"container\" data-settings=\"{&quot;background_background&quot;:&quot;classic&quot;,&quot;animation&quot;:&quot;fadeInUp&quot;}\">\n\t\t\t\t<div class=\"elementor-element elementor-element-f2cc77f elementor-widget__width-initial elementor-widget elementor-widget-image\" data-id=\"f2cc77f\" data-element_type=\"widget\" data-widget_type=\"image.default\">\n\t\t\t\t\t\t\t\t\t\t\t\t\t\t\t<img decoding=\"async\" width=\"1710\" height=\"1706\" src=\"https:\/\/www.cardioconsult.sk\/wp-content\/uploads\/2025\/07\/P5020312-scaled-e1751543312249.jpeg\" class=\"attachment-full size-full wp-image-485\" alt=\"\" srcset=\"https:\/\/www.cardioconsult.sk\/wp-content\/uploads\/2025\/07\/P5020312-scaled-e1751543312249.jpeg 1710w, https:\/\/www.cardioconsult.sk\/wp-content\/uploads\/2025\/07\/P5020312-scaled-e1751543312249-300x300.jpeg 300w, https:\/\/www.cardioconsult.sk\/wp-content\/uploads\/2025\/07\/P5020312-scaled-e1751543312249-1024x1022.jpeg 1024w, https:\/\/www.cardioconsult.sk\/wp-content\/uploads\/2025\/07\/P5020312-scaled-e1751543312249-150x150.jpeg 150w, https:\/\/www.cardioconsult.sk\/wp-content\/uploads\/2025\/07\/P5020312-scaled-e1751543312249-768x766.jpeg 768w, https:\/\/www.cardioconsult.sk\/wp-content\/uploads\/2025\/07\/P5020312-scaled-e1751543312249-1536x1532.jpeg 1536w\" sizes=\"(max-width: 1710px) 100vw, 1710px\" \/>\t\t\t\t\t\t\t\t\t\t\t\t\t\t\t<\/div>\n\t\t\t\t<div class=\"elementor-element elementor-element-f5b776f elementor-widget__width-initial elementor-widget elementor-widget-image-box\" data-id=\"f5b776f\" data-element_type=\"widget\" data-widget_type=\"image-box.default\">\n\t\t\t\t\t<div class=\"elementor-image-box-wrapper\"><div class=\"elementor-image-box-content\"><h5 class=\"elementor-image-box-title\">Zuzana Zukalov\u00e1<\/h5><p class=\"elementor-image-box-description\">Medical Coordinator <\/p><\/div><\/div>\t\t\t\t<\/div>\n\t\t\t\t<\/div>\n\t\t\t\t\t<\/div>\n\t\t\t\t<\/div>\n\t\t<div class=\"elementor-element elementor-element-4df15ca e-flex e-con-boxed e-con e-parent\" data-id=\"4df15ca\" data-element_type=\"container\">\n\t\t\t\t\t<div class=\"e-con-inner\">\n\t\t\t\t<div class=\"elementor-element elementor-element-46194bc elementor-widget elementor-widget-spacer\" data-id=\"46194bc\" data-element_type=\"widget\" data-widget_type=\"spacer.default\">\n\t\t\t\t\t\t\t<div class=\"elementor-spacer\">\n\t\t\t<div class=\"elementor-spacer-inner\"><\/div>\n\t\t<\/div>\n\t\t\t\t\t\t<\/div>\n\t\t\t\t\t<\/div>\n\t\t\t\t<\/div>\n\t\t<div class=\"elementor-element elementor-element-bafd457 e-flex e-con-boxed e-con e-parent\" data-id=\"bafd457\" data-element_type=\"container\">\n\t\t\t\t\t<div class=\"e-con-inner\">\n\t\t\t\t<div class=\"elementor-element elementor-element-0233e86 elementor-widget elementor-widget-spacer\" data-id=\"0233e86\" data-element_type=\"widget\" data-widget_type=\"spacer.default\">\n\t\t\t\t\t\t\t<div class=\"elementor-spacer\">\n\t\t\t<div class=\"elementor-spacer-inner\"><\/div>\n\t\t<\/div>\n\t\t\t\t\t\t<\/div>\n\t\t\t\t\t<\/div>\n\t\t\t\t<\/div>\n\t\t<div class=\"elementor-element elementor-element-b3645eb e-flex e-con-boxed e-con e-parent\" data-id=\"b3645eb\" data-element_type=\"container\">\n\t\t\t\t\t<div class=\"e-con-inner\">\n\t\t<div class=\"elementor-element elementor-element-b42a89b e-con-full e-flex e-con e-child\" data-id=\"b42a89b\" data-element_type=\"container\">\n\t\t\t\t<div class=\"elementor-element elementor-element-3472bc6 elementor-widget elementor-widget-heading\" data-id=\"3472bc6\" data-element_type=\"widget\" data-widget_type=\"heading.default\">\n\t\t\t\t\t<h2 class=\"elementor-heading-title elementor-size-default\">Instrumentation\n<\/h2>\t\t\t\t<\/div>\n\t\t\t\t<div class=\"elementor-element elementor-element-1c40333 elementor-widget elementor-widget-text-editor\" data-id=\"1c40333\" data-element_type=\"widget\" data-widget_type=\"text-editor.default\">\n\t\t\t\t\t\t\t\t\t<p>Our workplace allows us to carry out complex non-invasive diagnostics of cardiovascular diseases without unnecessary delays and in the highest available quality.<\/p>\t\t\t\t\t\t\t\t<\/div>\n\t\t\t\t<\/div>\n\t\t<div class=\"elementor-element elementor-element-ae91e30 e-con-full e-flex e-con e-child\" data-id=\"ae91e30\" data-element_type=\"container\">\n\t\t\t\t<div class=\"elementor-element elementor-element-79f805d elementor-widget elementor-widget-image\" data-id=\"79f805d\" data-element_type=\"widget\" data-widget_type=\"image.default\">\n\t\t\t\t\t\t\t\t\t\t\t\t\t\t\t<img loading=\"lazy\" decoding=\"async\" width=\"562\" height=\"1178\" src=\"https:\/\/www.cardioconsult.sk\/wp-content\/uploads\/2025\/07\/Dizajn-bez-nazvu-3.webp\" class=\"attachment-medium_large size-medium_large wp-image-1189\" alt=\"\" srcset=\"https:\/\/www.cardioconsult.sk\/wp-content\/uploads\/2025\/07\/Dizajn-bez-nazvu-3.webp 562w, https:\/\/www.cardioconsult.sk\/wp-content\/uploads\/2025\/07\/Dizajn-bez-nazvu-3-143x300.webp 143w, https:\/\/www.cardioconsult.sk\/wp-content\/uploads\/2025\/07\/Dizajn-bez-nazvu-3-489x1024.webp 489w\" sizes=\"(max-width: 562px) 100vw, 562px\" \/>\t\t\t\t\t\t\t\t\t\t\t\t\t\t\t<\/div>\n\t\t\t\t<\/div>\n\t\t\t\t\t<\/div>\n\t\t\t\t<\/div>\n\t\t<div class=\"elementor-element elementor-element-021f43f e-flex e-con-boxed e-con e-parent\" data-id=\"021f43f\" data-element_type=\"container\">\n\t\t\t\t\t<div class=\"e-con-inner\">\n\t\t\t\t<div class=\"elementor-element elementor-element-6e55011 elementor-widget elementor-widget-spacer\" data-id=\"6e55011\" data-element_type=\"widget\" data-widget_type=\"spacer.default\">\n\t\t\t\t\t\t\t<div class=\"elementor-spacer\">\n\t\t\t<div class=\"elementor-spacer-inner\"><\/div>\n\t\t<\/div>\n\t\t\t\t\t\t<\/div>\n\t\t\t\t\t<\/div>\n\t\t\t\t<\/div>\n\t\t<div class=\"elementor-element elementor-element-08db5bd e-flex e-con-boxed e-con e-parent\" data-id=\"08db5bd\" data-element_type=\"container\">\n\t\t\t\t\t<div class=\"e-con-inner\">\n\t\t\t\t<div class=\"elementor-element elementor-element-ebe19c8 elementor-widget elementor-widget-heading\" data-id=\"ebe19c8\" data-element_type=\"widget\" data-widget_type=\"heading.default\">\n\t\t\t\t\t<h2 class=\"elementor-heading-title elementor-size-default\">Organisational comfort\n<\/h2>\t\t\t\t<\/div>\n\t\t\t\t<div class=\"elementor-element elementor-element-27f1bb8 elementor-widget elementor-widget-text-editor\" data-id=\"27f1bb8\" data-element_type=\"widget\" data-widget_type=\"text-editor.default\">\n\t\t\t\t\t\t\t\t\t<p data-start=\"110\" data-end=\"230\">Our goal is to make the patient feel as comfortable as possible and to have as little hassle as possible. That's why we offer:<\/p><ul data-start=\"232\" data-end=\"692\"><li data-start=\"232\" data-end=\"315\"><p data-start=\"234\" data-end=\"315\" class=\"translation-block\">Telephone ordering on the exact date so that you do not have to wait unnecessarily.<\/p><\/li><li data-start=\"316\" data-end=\"424\"><p data-start=\"318\" data-end=\"424\" class=\"translation-block\">A comprehensive solution to a health problem - we look at you as a whole, not just one symptom.<\/p><\/li><li data-start=\"425\" data-end=\"548\"><p data-start=\"427\" data-end=\"548\" class=\"translation-block\">Telephone consultation for acute difficulties so you can get advice without waiting when you need it most.<\/p><\/li><li data-start=\"549\" data-end=\"692\"><p data-start=\"551\" data-end=\"692\" class=\"translation-block\">The option to be linked to a top facility - the National Institute of Heart and Vascular Diseases if your condition requires specialized care.<\/p><\/li><\/ul><p data-start=\"694\" data-end=\"799\">We strive to make you feel like you're in good hands - from the first phone call to the resolution of the problem.<\/p>\t\t\t\t\t\t\t\t<\/div>\n\t\t\t\t<div class=\"elementor-element elementor-element-ae32603 elementor-widget elementor-widget-spacer\" data-id=\"ae32603\" data-element_type=\"widget\" data-widget_type=\"spacer.default\">\n\t\t\t\t\t\t\t<div class=\"elementor-spacer\">\n\t\t\t<div class=\"elementor-spacer-inner\"><\/div>\n\t\t<\/div>\n\t\t\t\t\t\t<\/div>\n\t\t\t\t\t<\/div>\n\t\t\t\t<\/div>\n\t\t<div class=\"elementor-element elementor-element-a65ba03 e-flex e-con-boxed e-con e-parent\" data-id=\"a65ba03\" data-element_type=\"container\">\n\t\t\t\t\t<div class=\"e-con-inner\">\n\t\t\t\t<div class=\"elementor-element elementor-element-f3fdb26 elementor-widget elementor-widget-heading\" data-id=\"f3fdb26\" data-element_type=\"widget\" data-widget_type=\"heading.default\">\n\t\t\t\t\t<h2 class=\"elementor-heading-title elementor-size-default\">Contractual partners<\/h2>\t\t\t\t<\/div>\n\t\t\t\t\t<\/div>\n\t\t\t\t<\/div>\n\t\t<div class=\"elementor-element elementor-element-e3218f1 e-flex e-con-boxed e-con e-parent\" data-id=\"e3218f1\" data-element_type=\"container\">\n\t\t\t\t\t<div class=\"e-con-inner\">\n\t\t\t\t\t<\/div>\n\t\t\t\t<\/div>\n\t\t<div class=\"elementor-element elementor-element-fd6ae92 e-grid e-con-full e-con e-child\" data-id=\"fd6ae92\" data-element_type=\"container\">\n\t\t\t\t<div class=\"elementor-element elementor-element-83c2924 elementor-widget elementor-widget-image\" data-id=\"83c2924\" data-element_type=\"widget\" data-widget_type=\"image.default\">\n\t\t\t\t\t\t\t\t\t\t\t\t\t\t\t<img loading=\"lazy\" decoding=\"async\" width=\"800\" height=\"273\" src=\"https:\/\/www.cardioconsult.sk\/wp-content\/uploads\/2025\/07\/IMG_3591-1024x350.png\" class=\"attachment-large size-large wp-image-475\" alt=\"\" srcset=\"https:\/\/www.cardioconsult.sk\/wp-content\/uploads\/2025\/07\/IMG_3591-1024x350.png 1024w, https:\/\/www.cardioconsult.sk\/wp-content\/uploads\/2025\/07\/IMG_3591-300x103.png 300w, https:\/\/www.cardioconsult.sk\/wp-content\/uploads\/2025\/07\/IMG_3591-768x263.png 768w, https:\/\/www.cardioconsult.sk\/wp-content\/uploads\/2025\/07\/IMG_3591.png 1438w\" sizes=\"(max-width: 800px) 100vw, 800px\" \/>\t\t\t\t\t\t\t\t\t\t\t\t\t\t\t<\/div>\n\t\t\t\t<div class=\"elementor-element elementor-element-f44bc11 elementor-widget elementor-widget-image\" data-id=\"f44bc11\" data-element_type=\"widget\" data-widget_type=\"image.default\">\n\t\t\t\t\t\t\t\t\t\t\t\t\t\t\t<img loading=\"lazy\" decoding=\"async\" width=\"330\" height=\"396\" src=\"https:\/\/www.cardioconsult.sk\/wp-content\/uploads\/2025\/07\/IMG_3592.png\" class=\"attachment-large size-large wp-image-474\" alt=\"\" srcset=\"https:\/\/www.cardioconsult.sk\/wp-content\/uploads\/2025\/07\/IMG_3592.png 330w, https:\/\/www.cardioconsult.sk\/wp-content\/uploads\/2025\/07\/IMG_3592-250x300.png 250w\" sizes=\"(max-width: 330px) 100vw, 330px\" \/>\t\t\t\t\t\t\t\t\t\t\t\t\t\t\t<\/div>\n\t\t\t\t<\/div>\n\t\t<div class=\"elementor-element elementor-element-d78c2d7 e-con-full e-flex e-con e-parent\" data-id=\"d78c2d7\" data-element_type=\"container\" data-settings=\"{&quot;background_background&quot;:&quot;gradient&quot;}\">\n\t\t\t\t<div class=\"elementor-element elementor-element-d23a248 elementor-widget elementor-widget-spacer\" data-id=\"d23a248\" data-element_type=\"widget\" data-widget_type=\"spacer.default\">\n\t\t\t\t\t\t\t<div class=\"elementor-spacer\">\n\t\t\t<div class=\"elementor-spacer-inner\"><\/div>\n\t\t<\/div>\n\t\t\t\t\t\t<\/div>\n\t\t\t\t<div class=\"elementor-element elementor-element-ba856b9 elementor-widget elementor-widget-heading\" data-id=\"ba856b9\" data-element_type=\"widget\" data-widget_type=\"heading.default\">\n\t\t\t\t\t<h2 class=\"elementor-heading-title elementor-size-default\">Contact us via the contact form<\/h2>\t\t\t\t<\/div>\n\t\t\t\t<div class=\"elementor-element elementor-element-7d0a888 elementor-widget elementor-widget-text-editor\" data-id=\"7d0a888\" data-element_type=\"widget\" data-widget_type=\"text-editor.default\">\n\t\t\t\t\t\t\t\t\t<p>Get in touch - we'll get back to you quickly and reliably.<\/p>\t\t\t\t\t\t\t\t<\/div>\n\t\t\t\t<\/div>\n\t\t<div class=\"elementor-element elementor-element-a3eec8c e-con-full e-flex e-con e-parent\" data-id=\"a3eec8c\" data-element_type=\"container\">\n\t\t\t\t<div class=\"elementor-element elementor-element-40b91fe elementor-widget elementor-widget-html\" data-id=\"40b91fe\" data-element_type=\"widget\" data-widget_type=\"html.default\">\n\t\t\t\t\t<p class=\"wpcf7-contact-form-not-found\"><strong>Error:<\/strong> Contact form not found.<\/p>\t\t\t\t<\/div>\n\t\t\t\t<\/div>\n\t\t\t\t<\/div>","protected":false},"excerpt":{"rendered":"<p>O n\u00e1s Kontaktujte n\u00e1s CARDIOCONSULT, s.r.o.\u200b Nad\u0161tandardnos\u0165 n\u00e1\u0161ho zariadenia sa premieta do viacer\u00fdch oblast\u00ed, ktor\u00e9 sa bezprostredne dot\u00fdkaj\u00fa ka\u017ed\u00e9ho pacienta. CARDIOCONSULT, s.r.o. je jedna z najmodernej\u0161\u00edch a najlep\u0161ie vybaven\u00fdch slovensk\u00fdch ambulanci\u00ed. V na\u0161ej ambulancii pracuj\u00fa zdravotn\u00edci, ktor\u00fdch dobr\u00e9 meno poznaj\u00fa u n\u00e1s i v zahrani\u010d\u00ed. Person\u00e1lne obsadenie Vysoko kvalifikovan\u00fdm t\u00edmom s mnohoro\u010dn\u00fdmi sk\u00fasenos\u0165ami v odbore [&hellip;]<\/p>","protected":false},"author":1,"featured_media":0,"parent":0,"menu_order":0,"comment_status":"closed","ping_status":"closed","template":"","meta":{"footnotes":""},"class_list":["post-499","page","type-page","status-publish","hentry"],"aioseo_notices":[],"_links":{"self":[{"href":"https:\/\/www.cardioconsult.sk\/en\/wp-json\/wp\/v2\/pages\/499","targetHints":{"allow":["GET"]}}],"collection":[{"href":"https:\/\/www.cardioconsult.sk\/en\/wp-json\/wp\/v2\/pages"}],"about":[{"href":"https:\/\/www.cardioconsult.sk\/en\/wp-json\/wp\/v2\/types\/page"}],"author":[{"embeddable":true,"href":"https:\/\/www.cardioconsult.sk\/en\/wp-json\/wp\/v2\/users\/1"}],"replies":[{"embeddable":true,"href":"https:\/\/www.cardioconsult.sk\/en\/wp-json\/wp\/v2\/comments?post=499"}],"version-history":[{"count":0,"href":"https:\/\/www.cardioconsult.sk\/en\/wp-json\/wp\/v2\/pages\/499\/revisions"}],"wp:attachment":[{"href":"https:\/\/www.cardioconsult.sk\/en\/wp-json\/wp\/v2\/media?parent=499"}],"curies":[{"name":"wp","href":"https:\/\/api.w.org\/{rel}","templated":true}]}}