{"id":677,"date":"2025-07-08T15:21:56","date_gmt":"2025-07-08T15:21:56","guid":{"rendered":"https:\/\/www.cardioconsult.sk\/?page_id=677"},"modified":"2025-08-27T10:53:23","modified_gmt":"2025-08-27T10:53:23","slug":"kontakt","status":"publish","type":"page","link":"https:\/\/www.cardioconsult.sk\/en\/kontakt\/","title":{"rendered":"Kontakt\u200b"},"content":{"rendered":"<div data-elementor-type=\"wp-page\" data-elementor-id=\"677\" class=\"elementor elementor-677\" data-elementor-post-type=\"page\">\n\t\t\t\t<div class=\"elementor-element elementor-element-e017dd1 e-con-full e-flex e-con e-parent\" data-id=\"e017dd1\" data-element_type=\"container\">\n\t\t<div class=\"elementor-element elementor-element-3371278 e-con-full e-flex e-con e-child\" data-id=\"3371278\" data-element_type=\"container\" data-settings=\"{&quot;background_background&quot;:&quot;classic&quot;}\">\n\t\t\t\t<div class=\"elementor-element elementor-element-92fc0b6 elementor-widget elementor-widget-heading\" data-id=\"92fc0b6\" data-element_type=\"widget\" data-widget_type=\"heading.default\">\n\t\t\t\t\t<h1 class=\"elementor-heading-title elementor-size-default\">Contact<\/h1>\t\t\t\t<\/div>\n\t\t\t\t<div class=\"elementor-element elementor-element-acea78b elementor-align-center elementor-widget elementor-widget-button\" data-id=\"acea78b\" data-element_type=\"widget\" data-widget_type=\"button.default\">\n\t\t\t\t\t\t\t\t\t\t<a class=\"elementor-button elementor-button-link elementor-size-sm\" href=\"mailto:cardio@cardioconsult.sk\">\n\t\t\t\t\t\t<span class=\"elementor-button-content-wrapper\">\n\t\t\t\t\t\t\t\t\t<span class=\"elementor-button-text\">Email us<\/span>\n\t\t\t\t\t<\/span>\n\t\t\t\t\t<\/a>\n\t\t\t\t\t\t\t\t<\/div>\n\t\t\t\t<\/div>\n\t\t<div class=\"elementor-element elementor-element-21ca5f4 e-con-full e-flex e-con e-child\" data-id=\"21ca5f4\" data-element_type=\"container\">\n\t\t\t\t<div class=\"elementor-element elementor-element-d4513ac elementor-widget elementor-widget-spacer\" data-id=\"d4513ac\" data-element_type=\"widget\" data-widget_type=\"spacer.default\">\n\t\t\t\t\t\t\t<div class=\"elementor-spacer\">\n\t\t\t<div class=\"elementor-spacer-inner\"><\/div>\n\t\t<\/div>\n\t\t\t\t\t\t<\/div>\n\t\t\t\t<div class=\"elementor-element elementor-element-a5c0d62 elementor-widget elementor-widget-heading\" data-id=\"a5c0d62\" data-element_type=\"widget\" data-widget_type=\"heading.default\">\n\t\t\t\t\t<h2 class=\"elementor-heading-title elementor-size-default\">Important information for our patients<\/h2>\t\t\t\t<\/div>\n\t\t\t\t<\/div>\n\t\t\t\t<\/div>\n\t\t<div class=\"elementor-element elementor-element-49e4584 e-flex e-con-boxed e-con e-parent\" data-id=\"49e4584\" data-element_type=\"container\">\n\t\t\t\t\t<div class=\"e-con-inner\">\n\t\t\t\t<div class=\"elementor-element elementor-element-54621df elementor-widget elementor-widget-spacer\" data-id=\"54621df\" data-element_type=\"widget\" data-widget_type=\"spacer.default\">\n\t\t\t\t\t\t\t<div class=\"elementor-spacer\">\n\t\t\t<div class=\"elementor-spacer-inner\"><\/div>\n\t\t<\/div>\n\t\t\t\t\t\t<\/div>\n\t\t\t\t\t<\/div>\n\t\t\t\t<\/div>\n\t\t<div class=\"elementor-element elementor-element-b92d484 e-flex e-con-boxed e-con e-parent\" data-id=\"b92d484\" data-element_type=\"container\">\n\t\t\t\t\t<div class=\"e-con-inner\">\n\t\t<div class=\"elementor-element elementor-element-80dc02b e-con-full e-flex e-con e-child\" data-id=\"80dc02b\" data-element_type=\"container\">\n\t\t\t\t<div class=\"elementor-element elementor-element-78fbb7c elementor-view-default elementor-widget elementor-widget-icon\" data-id=\"78fbb7c\" data-element_type=\"widget\" data-widget_type=\"icon.default\">\n\t\t\t\t\t\t\t<div class=\"elementor-icon-wrapper\">\n\t\t\t<div class=\"elementor-icon\">\n\t\t\t<svg aria-hidden=\"true\" class=\"e-font-icon-svg e-fab-accessible-icon\" viewbox=\"0 0 448 512\" xmlns=\"http:\/\/www.w3.org\/2000\/svg\"><path d=\"M423.9 255.8L411 413.1c-3.3 40.7-63.9 35.1-60.6-4.9l10-122.5-41.1 2.3c10.1 20.7 15.8 43.9 15.8 68.5 0 41.2-16.1 78.7-42.3 106.5l-39.3-39.3c57.9-63.7 13.1-167.2-74-167.2-25.9 0-49.5 9.9-67.2 26L73 243.2c22-20.7 50.1-35.1 81.4-40.2l75.3-85.7-42.6-24.8-51.6 46c-30 26.8-70.6-18.5-40.5-45.4l68-60.7c9.8-8.8 24.1-10.2 35.5-3.6 0 0 139.3 80.9 139.5 81.1 16.2 10.1 20.7 36 6.1 52.6L285.7 229l106.1-5.9c18.5-1.1 33.6 14.4 32.1 32.7zm-64.9-154c28.1 0 50.9-22.8 50.9-50.9C409.9 22.8 387.1 0 359 0c-28.1 0-50.9 22.8-50.9 50.9 0 28.1 22.8 50.9 50.9 50.9zM179.6 456.5c-80.6 0-127.4-90.6-82.7-156.1l-39.7-39.7C36.4 287 24 320.3 24 356.4c0 130.7 150.7 201.4 251.4 122.5l-39.7-39.7c-16 10.9-35.3 17.3-56.1 17.3z\"><\/path><\/svg>\t\t\t<\/div>\n\t\t<\/div>\n\t\t\t\t\t\t<\/div>\n\t\t\t\t<div class=\"elementor-element elementor-element-8f38297 elementor-widget elementor-widget-text-editor\" data-id=\"8f38297\" data-element_type=\"widget\" data-widget_type=\"text-editor.default\">\n\t\t\t\t\t\t\t\t\t<p style=\"text-align: center;\"><strong>Barrier-free access<\/strong><\/p>\t\t\t\t\t\t\t\t<\/div>\n\t\t\t\t<div class=\"elementor-element elementor-element-2c41997 elementor-widget elementor-widget-text-editor\" data-id=\"2c41997\" data-element_type=\"widget\" data-widget_type=\"text-editor.default\">\n\t\t\t\t\t\t\t\t\t<p style=\"text-align: left;\">Our outpatient clinic is fully accessible for patients who are immobile or have difficulty with mobility.<\/p>\t\t\t\t\t\t\t\t<\/div>\n\t\t\t\t<\/div>\n\t\t<div class=\"elementor-element elementor-element-21cbf63 e-con-full e-flex e-con e-child\" data-id=\"21cbf63\" data-element_type=\"container\">\n\t\t\t\t<div class=\"elementor-element elementor-element-b4a8178 elementor-view-default elementor-widget elementor-widget-icon\" data-id=\"b4a8178\" data-element_type=\"widget\" data-widget_type=\"icon.default\">\n\t\t\t\t\t\t\t<div class=\"elementor-icon-wrapper\">\n\t\t\t<div class=\"elementor-icon\">\n\t\t\t<svg aria-hidden=\"true\" class=\"e-font-icon-svg e-fas-parking\" viewbox=\"0 0 448 512\" xmlns=\"http:\/\/www.w3.org\/2000\/svg\"><path d=\"M400 32H48C21.5 32 0 53.5 0 80v352c0 26.5 21.5 48 48 48h352c26.5 0 48-21.5 48-48V80c0-26.5-21.5-48-48-48zM240 320h-48v48c0 8.8-7.2 16-16 16h-32c-8.8 0-16-7.2-16-16V144c0-8.8 7.2-16 16-16h96c52.9 0 96 43.1 96 96s-43.1 96-96 96zm0-128h-48v64h48c17.6 0 32-14.4 32-32s-14.4-32-32-32z\"><\/path><\/svg>\t\t\t<\/div>\n\t\t<\/div>\n\t\t\t\t\t\t<\/div>\n\t\t\t\t<div class=\"elementor-element elementor-element-c98555b elementor-widget elementor-widget-text-editor\" data-id=\"c98555b\" data-element_type=\"widget\" data-widget_type=\"text-editor.default\">\n\t\t\t\t\t\t\t\t\t<p style=\"text-align: center;\"><strong>Parking\u00a0<\/strong><\/p>\t\t\t\t\t\t\t\t<\/div>\n\t\t\t\t<div class=\"elementor-element elementor-element-984f329 elementor-widget elementor-widget-text-editor\" data-id=\"984f329\" data-element_type=\"widget\" data-widget_type=\"text-editor.default\">\n\t\t\t\t\t\t\t\t\t<ul><li data-start=\"725\" data-end=\"898\" class=\"translation-block\">Paid parking is available in the vicinity of the ambulance (Le\u0161kova Street, Main Station, the building of the insurance company Kooperat\u00edva on \u010cajkovsk\u00e9ho Street) - about 3 to 5 minutes on foot.<\/li><li data-start=\"899\" data-end=\"1007\"><p data-start=\"901\" data-end=\"1007\"><strong data-start=\"901\" data-end=\"1007\">For immobile patients and ambulances it is possible to park directly in front of the ambulance building - on request.<\/strong><\/p><\/li><\/ul>\t\t\t\t\t\t\t\t<\/div>\n\t\t\t\t<\/div>\n\t\t\t\t\t<\/div>\n\t\t\t\t<\/div>\n\t\t<div class=\"elementor-element elementor-element-2fe279ab e-flex e-con-boxed e-con e-parent\" data-id=\"2fe279ab\" data-element_type=\"container\" data-settings=\"{&quot;background_background&quot;:&quot;classic&quot;}\">\n\t\t\t\t\t<div class=\"e-con-inner\">\n\t\t<div class=\"elementor-element elementor-element-74fb3cd8 e-con-full e-flex e-con e-child\" data-id=\"74fb3cd8\" data-element_type=\"container\">\n\t\t<div class=\"elementor-element elementor-element-6fc023b0 e-con-full e-flex e-con e-child\" data-id=\"6fc023b0\" data-element_type=\"container\">\n\t\t\t\t<div class=\"elementor-element elementor-element-4ec31e50 elementor-widget-tablet__width-initial elementor-widget-mobile__width-inherit elementor-widget elementor-widget-heading\" data-id=\"4ec31e50\" data-element_type=\"widget\" data-widget_type=\"heading.default\">\n\t\t\t\t\t<h3 class=\"elementor-heading-title elementor-size-default\">Contact<\/h3>\t\t\t\t<\/div>\n\t\t\t\t<div class=\"elementor-element elementor-element-bfcea15 elementor-widget elementor-widget-text-editor\" data-id=\"bfcea15\" data-element_type=\"widget\" data-widget_type=\"text-editor.default\">\n\t\t\t\t\t\t\t\t\t<p><span style=\"color: #324a6d;\">T: <a style=\"color: #324a6d;\" href=\"tel: +421914273344\">+421914273344<\/a><\/span><br \/><span style=\"color: #324a6d;\">E:\u00a0<a style=\"color: #324a6d;\" href=\"mailto:cardio@cardioconsult.sk\">cardio@cardioconsult.sk<\/a><\/span><\/p>\t\t\t\t\t\t\t\t<\/div>\n\t\t\t\t<\/div>\n\t\t<div class=\"elementor-element elementor-element-3ac2f976 e-con-full e-flex e-con e-child\" data-id=\"3ac2f976\" data-element_type=\"container\">\n\t\t\t\t<div class=\"elementor-element elementor-element-7868e935 elementor-widget-tablet__width-initial elementor-widget-mobile__width-inherit elementor-widget elementor-widget-heading\" data-id=\"7868e935\" data-element_type=\"widget\" data-widget_type=\"heading.default\">\n\t\t\t\t\t<h3 class=\"elementor-heading-title elementor-size-default\">Address<\/h3>\t\t\t\t<\/div>\n\t\t\t\t<div class=\"elementor-element elementor-element-1e4dc6b elementor-widget elementor-widget-text-editor\" data-id=\"1e4dc6b\" data-element_type=\"widget\" data-widget_type=\"text-editor.default\">\n\t\t\t\t\t\t\t\t\t<p>\u010cajkovsk\u00e9ho 5 - ground floor right 811 04 Bratislava 1<\/p>\t\t\t\t\t\t\t\t<\/div>\n\t\t\t\t<\/div>\n\t\t<div class=\"elementor-element elementor-element-1efbcfe4 e-con-full e-flex e-con e-child\" data-id=\"1efbcfe4\" data-element_type=\"container\">\n\t\t\t\t<div class=\"elementor-element elementor-element-5ff087bd elementor-widget-tablet__width-initial elementor-widget-mobile__width-inherit elementor-widget elementor-widget-heading\" data-id=\"5ff087bd\" data-element_type=\"widget\" data-widget_type=\"heading.default\">\n\t\t\t\t\t<h3 class=\"elementor-heading-title elementor-size-default\">Office Hours:<\/h3>\t\t\t\t<\/div>\n\t\t<div class=\"elementor-element elementor-element-6307277 e-grid e-con-full e-con e-child\" data-id=\"6307277\" data-element_type=\"container\">\n\t\t\t\t<div class=\"elementor-element elementor-element-9c9473b elementor-widget__width-initial elementor-widget elementor-widget-text-editor\" data-id=\"9c9473b\" data-element_type=\"widget\" data-widget_type=\"text-editor.default\">\n\t\t\t\t\t\t\t\t\t<p style=\"text-align: left;\">Pondelok:<br \/>Utorok:<br \/>Streda:<br \/>\u0160tvrtok:\u00a0<br \/>Piatok:\u00a0<\/p>\t\t\t\t\t\t\t\t<\/div>\n\t\t\t\t<div class=\"elementor-element elementor-element-ec7113e elementor-widget__width-initial elementor-widget elementor-widget-text-editor\" data-id=\"ec7113e\" data-element_type=\"widget\" data-widget_type=\"text-editor.default\">\n\t\t\t\t\t\t\t\t\t<p style=\"text-align: left;\">07:30-14:00<br \/>07:30-14:00<br \/>07:30-14:00<br \/>07:30-14:00<br \/>07:30-11:30<\/p>\t\t\t\t\t\t\t\t<\/div>\n\t\t\t\t<\/div>\n\t\t\t\t<\/div>\n\t\t\t\t<\/div>\n\t\t\t\t<div class=\"elementor-element elementor-element-370f6e2a elementor-widget__width-initial elementor-widget-tablet__width-inherit elementor-widget elementor-widget-google_maps\" data-id=\"370f6e2a\" data-element_type=\"widget\" data-widget_type=\"google_maps.default\">\n\t\t\t\t\t\t\t<div class=\"elementor-custom-embed\">\n\t\t\t<iframe loading=\"lazy\"\n\t\t\t\t\tsrc=\"https:\/\/maps.google.com\/maps?q=%C4%8Cajkovsk%C3%A9ho%205%20-%20pr%C3%ADzemie%20vpravo%20811%2004%20Bratislava%201%E2%80%8B&#038;t=m&#038;z=16&#038;output=embed&#038;iwloc=near\"\n\t\t\t\t\ttitle=\"\u010cajkovsk\u00e9ho 5 - pr\u00edzemie vpravo 811 04 Bratislava 1\u200b\"\n\t\t\t\t\taria-label=\"\u010cajkovsk\u00e9ho 5 - pr\u00edzemie vpravo 811 04 Bratislava 1\u200b\"\n\t\t\t><\/iframe>\n\t\t<\/div>\n\t\t\t\t\t\t<\/div>\n\t\t\t\t\t<\/div>\n\t\t\t\t<\/div>\n\t\t<div class=\"elementor-element elementor-element-66a753e e-flex e-con-boxed e-con e-parent\" data-id=\"66a753e\" data-element_type=\"container\">\n\t\t\t\t\t<div class=\"e-con-inner\">\n\t\t\t\t<div class=\"elementor-element elementor-element-fd67b55 elementor-widget elementor-widget-text-editor\" data-id=\"fd67b55\" data-element_type=\"widget\" data-widget_type=\"text-editor.default\">\n\t\t\t\t\t\t\t\t\t<div><div class=\"alert alert-info text-center p-2\" role=\"alert\"><strong>Preferujeme objedn\u00e1vanie e-mailom alebo cez online formul\u00e1r<\/strong><\/div><\/div><form id=\"prescriptionForm\" class=\"form\" autocomplete=\"off\" action=\"\"><div class=\"form-row\"><div class=\"col-md-12 mb-3\"><div class=\"form-group mb-0\"><div class=\"input-group\"><div class=\"input-group-prepend\">\u00a0<\/div><\/div><\/div><\/div><\/div><input type=\"hidden\" name=\"trp-form-language\" value=\"en\"\/><\/form>\t\t\t\t\t\t\t\t<\/div>\n\t\t\t\t<div class=\"elementor-element elementor-element-ed1881b elementor-widget elementor-widget-html\" data-id=\"ed1881b\" data-element_type=\"widget\" data-widget_type=\"html.default\">\n\t\t\t\t\t<p class=\"wpcf7-contact-form-not-found\"><strong>Error:<\/strong> Contact form not found.<\/p>\t\t\t\t<\/div>\n\t\t\t\t\t<\/div>\n\t\t\t\t<\/div>\n\t\t<div class=\"elementor-element elementor-element-9cd50c7 e-flex e-con-boxed e-con e-parent\" data-id=\"9cd50c7\" data-element_type=\"container\">\n\t\t\t\t\t<div class=\"e-con-inner\">\n\t\t\t\t<div class=\"elementor-element elementor-element-7ff1404 elementor-widget elementor-widget-spacer\" data-id=\"7ff1404\" data-element_type=\"widget\" data-widget_type=\"spacer.default\">\n\t\t\t\t\t\t\t<div class=\"elementor-spacer\">\n\t\t\t<div class=\"elementor-spacer-inner\"><\/div>\n\t\t<\/div>\n\t\t\t\t\t\t<\/div>\n\t\t\t\t\t<\/div>\n\t\t\t\t<\/div>\n\t\t\t\t<\/div>","protected":false},"excerpt":{"rendered":"<p>Kontakt Nap\u00ed\u0161te n\u00e1m email D\u00f4le\u017eit\u00e9 inform\u00e1cie pre na\u0161ich pacientov Bezbari\u00e9rov\u00fd pr\u00edstup Na\u0161a ambulancia je plne pr\u00edstupn\u00e1 aj pre imobiln\u00fdch alebo \u0165a\u017eko mobiln\u00fdch pacientov. Parkovanie\u00a0 V bl\u00edzkosti ambulancie je k dispoz\u00edcii platen\u00e9 parkovanie (Le\u0161kova ulica, Hlavn\u00e1 stanica, objekt pois\u0165ovne Kooperat\u00edva na \u010cajkovsk\u00e9ho ulici) \u2013 cca 3 a\u017e 5 min\u00fat pe\u0161o. Pre imobiln\u00fdch pacientov a sanitky je [&hellip;]<\/p>","protected":false},"author":1,"featured_media":0,"parent":0,"menu_order":0,"comment_status":"closed","ping_status":"closed","template":"","meta":{"footnotes":""},"class_list":["post-677","page","type-page","status-publish","hentry"],"aioseo_notices":[],"_links":{"self":[{"href":"https:\/\/www.cardioconsult.sk\/en\/wp-json\/wp\/v2\/pages\/677","targetHints":{"allow":["GET"]}}],"collection":[{"href":"https:\/\/www.cardioconsult.sk\/en\/wp-json\/wp\/v2\/pages"}],"about":[{"href":"https:\/\/www.cardioconsult.sk\/en\/wp-json\/wp\/v2\/types\/page"}],"author":[{"embeddable":true,"href":"https:\/\/www.cardioconsult.sk\/en\/wp-json\/wp\/v2\/users\/1"}],"replies":[{"embeddable":true,"href":"https:\/\/www.cardioconsult.sk\/en\/wp-json\/wp\/v2\/comments?post=677"}],"version-history":[{"count":0,"href":"https:\/\/www.cardioconsult.sk\/en\/wp-json\/wp\/v2\/pages\/677\/revisions"}],"wp:attachment":[{"href":"https:\/\/www.cardioconsult.sk\/en\/wp-json\/wp\/v2\/media?parent=677"}],"curies":[{"name":"wp","href":"https:\/\/api.w.org\/{rel}","templated":true}]}}